{"id":956,"date":"2019-02-20T14:02:21","date_gmt":"2019-02-20T13:02:21","guid":{"rendered":"https:\/\/www.location-moto-nice.com\/?post_type=product&#038;p=956"},"modified":"2019-03-07T15:20:37","modified_gmt":"2019-03-07T14:20:37","slug":"balade-en-moto-vallee-de-la-tinee-et-de-la-vesubie","status":"publish","type":"product","link":"https:\/\/www.location-moto-nice.com\/en\/location-moto\/balade-en-moto-vallee-de-la-tinee-et-de-la-vesubie\/","title":{"rendered":"Rivera Motorbike Tour Vall\u00e9e de la Tin\u00e9e et de la V\u00e9subie 2019"},"content":{"rendered":"<p>Valley, gorges, forest, roads of high altitudes, everything is on this course. Departure from Valbonne, Cannes or Nice direction Var valley to reach then the Valley of V\u00e9subie towards Lantosque and St Martin V\u00e9subie. Possibility of climbing to the Bor\u00e9on for a lunch break at altitude and in the open air. (Lake Bor\u00e9on, Park Alpha wolves &#8230;) Resumption of the road by the colmiane and Valdeblore to recover the Tin\u00e9e valley. Depending on the city departure, return to Nice or Valbonne by small departmental roads (St Jeannet, Vence, Tourrettes sur loup)<\/p>","protected":false},"excerpt":{"rendered":"<p>Motorcycle tour tourism C\u00f4te d&#8217;Azur<\/p>\n<ul>\n<li>Valley of Tin\u00e9e and V\u00e9subie<\/li>\n<li>Departure 10:00 Return 17:00<\/li>\n<li>Place of departure: 540 Avenue de la Plaine, 06250 Mougins<\/li>\n<\/ul>\n","protected":false},"featured_media":1149,"template":"","meta":[],"product_brand":[],"product_cat":[52],"product_tag":[],"class_list":{"0":"post-956","1":"product","2":"type-product","3":"status-publish","4":"has-post-thumbnail","6":"product_cat-balades-moto-cote-dazur","7":"product_shipping_class-livgra","9":"first","10":"instock","11":"sold-individually","12":"taxable","13":"shipping-taxable","14":"purchasable","15":"product-type-booking"},"booking_location":"","booking_location_type":"","booking_duration":1,"booking_duration_unit":"day","booking_buffer":0,"booking_cost":0,"booking_resources":[878,879,965,881,963,961,962,966,967,968,1126,1127,1128,1129],"exclude_global_add_ons":[],"addons":[],"yoast_head":"<!-- This site is optimized with the Yoast SEO plugin v27.5 - https:\/\/yoast.com\/product\/yoast-seo-wordpress\/ -->\n<title>Rivera Motorbike Tour Vall\u00e9e de la Tin\u00e9e et de la V\u00e9subie 2019 | Location Moto NICE<\/title>\n<meta name=\"description\" content=\"Rivera Motorbike Tour Vall\u00e9e de la Tin\u00e9e et de la V\u00e9subie 2019\" \/>\n<meta name=\"robots\" content=\"index, follow, max-snippet:-1, max-image-preview:large, max-video-preview:-1\" \/>\n<link rel=\"canonical\" href=\"https:\/\/www.location-moto-nice.com\/en\/location-moto\/balade-en-moto-vallee-de-la-tinee-et-de-la-vesubie\/\" \/>\n<meta property=\"og:locale\" content=\"en_US\" \/>\n<meta property=\"og:type\" content=\"article\" \/>\n<meta property=\"og:title\" content=\"Rivera Motorbike Tour Vall\u00e9e de la Tin\u00e9e et de la V\u00e9subie 2019 | Location Moto NICE\" \/>\n<meta property=\"og:description\" content=\"Rivera Motorbike Tour Vall\u00e9e de la Tin\u00e9e et de la V\u00e9subie 2019\" \/>\n<meta property=\"og:url\" content=\"https:\/\/www.location-moto-nice.com\/en\/location-moto\/balade-en-moto-vallee-de-la-tinee-et-de-la-vesubie\/\" \/>\n<meta property=\"og:site_name\" content=\"Location Moto NICE\" \/>\n<meta property=\"article:modified_time\" content=\"2019-03-07T14:20:37+00:00\" \/>\n<meta property=\"og:image\" content=\"https:\/\/www.location-moto-nice.com\/wp-content\/uploads\/motos-lac2.jpg\" \/>\n\t<meta property=\"og:image:width\" content=\"900\" \/>\n\t<meta property=\"og:image:height\" content=\"472\" \/>\n\t<meta property=\"og:image:type\" content=\"image\/jpeg\" \/>\n<meta name=\"twitter:card\" content=\"summary_large_image\" \/>\n<meta name=\"twitter:label1\" content=\"Est. reading time\" \/>\n\t<meta name=\"twitter:data1\" content=\"1 minute\" \/>\n<script type=\"application\/ld+json\" class=\"yoast-schema-graph\">{\"@context\":\"https:\\\/\\\/schema.org\",\"@graph\":[{\"@type\":\"WebPage\",\"@id\":\"https:\\\/\\\/www.location-moto-nice.com\\\/en\\\/location-moto\\\/balade-en-moto-vallee-de-la-tinee-et-de-la-vesubie\\\/\",\"url\":\"https:\\\/\\\/www.location-moto-nice.com\\\/en\\\/location-moto\\\/balade-en-moto-vallee-de-la-tinee-et-de-la-vesubie\\\/\",\"name\":\"Rivera Motorbike Tour Vall\u00e9e de la Tin\u00e9e et de la V\u00e9subie 2019 | Location Moto NICE\",\"isPartOf\":{\"@id\":\"https:\\\/\\\/www.location-moto-nice.com\\\/en\\\/#website\"},\"primaryImageOfPage\":{\"@id\":\"https:\\\/\\\/www.location-moto-nice.com\\\/en\\\/location-moto\\\/balade-en-moto-vallee-de-la-tinee-et-de-la-vesubie\\\/#primaryimage\"},\"image\":{\"@id\":\"https:\\\/\\\/www.location-moto-nice.com\\\/location-moto\\\/balade-en-moto-vallee-de-la-tinee-et-de-la-vesubie\\\/#primaryimage\"},\"thumbnailUrl\":\"https:\\\/\\\/www.location-moto-nice.com\\\/wp-content\\\/uploads\\\/motos-lac2.jpg\",\"datePublished\":\"2019-02-20T13:02:21+00:00\",\"dateModified\":\"2019-03-07T14:20:37+00:00\",\"description\":\"Rivera Motorbike Tour Vall\u00e9e de la Tin\u00e9e et de la V\u00e9subie 2019\",\"breadcrumb\":{\"@id\":\"https:\\\/\\\/www.location-moto-nice.com\\\/en\\\/location-moto\\\/balade-en-moto-vallee-de-la-tinee-et-de-la-vesubie\\\/#breadcrumb\"},\"inLanguage\":\"en-US\",\"potentialAction\":[{\"@type\":\"ReadAction\",\"target\":[[\"https:\\\/\\\/www.location-moto-nice.com\\\/en\\\/location-moto\\\/balade-en-moto-vallee-de-la-tinee-et-de-la-vesubie\\\/\"]]}]},{\"@type\":\"ImageObject\",\"inLanguage\":\"en-US\",\"@id\":\"https:\\\/\\\/www.location-moto-nice.com\\\/en\\\/location-moto\\\/balade-en-moto-vallee-de-la-tinee-et-de-la-vesubie\\\/#primaryimage\",\"url\":\"https:\\\/\\\/www.location-moto-nice.com\\\/wp-content\\\/uploads\\\/motos-lac2.jpg\",\"contentUrl\":\"https:\\\/\\\/www.location-moto-nice.com\\\/wp-content\\\/uploads\\\/motos-lac2.jpg\",\"width\":900,\"height\":472},{\"@type\":\"BreadcrumbList\",\"@id\":\"https:\\\/\\\/www.location-moto-nice.com\\\/en\\\/location-moto\\\/balade-en-moto-vallee-de-la-tinee-et-de-la-vesubie\\\/#breadcrumb\",\"itemListElement\":[{\"@type\":\"ListItem\",\"position\":1,\"name\":\"Accueil\",\"item\":\"https:\\\/\\\/www.location-moto-nice.com\\\/en\\\/\"},{\"@type\":\"ListItem\",\"position\":2,\"name\":\"Location Moto Nice\",\"item\":\"https:\\\/\\\/www.location-moto-nice.com\\\/en\\\/boutique\\\/\"},{\"@type\":\"ListItem\",\"position\":3,\"name\":\"Balade en moto Vall\u00e9e de la Tin\u00e9e et de la V\u00e9subie 2019\"}]},{\"@type\":\"WebSite\",\"@id\":\"https:\\\/\\\/www.location-moto-nice.com\\\/en\\\/#website\",\"url\":\"https:\\\/\\\/www.location-moto-nice.com\\\/en\\\/\",\"name\":\"Location Moto NICE\",\"description\":\"06 58 63 63 28 Nice Motorbike Rental\",\"publisher\":{\"@id\":\"https:\\\/\\\/www.location-moto-nice.com\\\/en\\\/#organization\"},\"potentialAction\":[{\"@type\":\"SearchAction\",\"target\":{\"@type\":\"EntryPoint\",\"urlTemplate\":\"https:\\\/\\\/www.location-moto-nice.com\\\/en\\\/?s={search_term_string}\"},\"query-input\":{\"@type\":\"PropertyValueSpecification\",\"valueRequired\":true,\"valueName\":\"search_term_string\"}}],\"inLanguage\":\"en-US\"},{\"@type\":\"Organization\",\"@id\":\"https:\\\/\\\/www.location-moto-nice.com\\\/en\\\/#organization\",\"name\":\"Location Moto Nice\",\"alternateName\":\"AZUR-MOTORENT SAS FB VINTAGE\",\"url\":\"https:\\\/\\\/www.location-moto-nice.com\\\/en\\\/\",\"logo\":{\"@type\":\"ImageObject\",\"inLanguage\":\"en-US\",\"@id\":\"https:\\\/\\\/www.location-moto-nice.com\\\/en\\\/#\\\/schema\\\/logo\\\/image\\\/\",\"url\":\"https:\\\/\\\/www.location-moto-nice.com\\\/wp-content\\\/uploads\\\/2018\\\/12\\\/logo-11-300-transparent.png\",\"contentUrl\":\"https:\\\/\\\/www.location-moto-nice.com\\\/wp-content\\\/uploads\\\/2018\\\/12\\\/logo-11-300-transparent.png\",\"width\":500,\"height\":179,\"caption\":\"Location Moto Nice\"},\"image\":{\"@id\":\"https:\\\/\\\/www.location-moto-nice.com\\\/en\\\/#\\\/schema\\\/logo\\\/image\\\/\"}}]}<\/script>\n<!-- \/ Yoast SEO plugin. -->","yoast_head_json":{"title":"Rivera Motorbike Tour Vall\u00e9e de la Tin\u00e9e et de la V\u00e9subie 2019 | Location Moto NICE","description":"Rivera Motorbike Tour Vall\u00e9e de la Tin\u00e9e et de la V\u00e9subie 2019","robots":{"index":"index","follow":"follow","max-snippet":"max-snippet:-1","max-image-preview":"max-image-preview:large","max-video-preview":"max-video-preview:-1"},"canonical":"https:\/\/www.location-moto-nice.com\/en\/location-moto\/balade-en-moto-vallee-de-la-tinee-et-de-la-vesubie\/","og_locale":"en_US","og_type":"article","og_title":"Rivera Motorbike Tour Vall\u00e9e de la Tin\u00e9e et de la V\u00e9subie 2019 | Location Moto NICE","og_description":"Rivera Motorbike Tour Vall\u00e9e de la Tin\u00e9e et de la V\u00e9subie 2019","og_url":"https:\/\/www.location-moto-nice.com\/en\/location-moto\/balade-en-moto-vallee-de-la-tinee-et-de-la-vesubie\/","og_site_name":"Location Moto NICE","article_modified_time":"2019-03-07T14:20:37+00:00","og_image":[{"width":900,"height":472,"url":"https:\/\/www.location-moto-nice.com\/wp-content\/uploads\/motos-lac2.jpg","type":"image\/jpeg"}],"twitter_card":"summary_large_image","twitter_misc":{"Est. reading time":"1 minute"},"schema":{"@context":"https:\/\/schema.org","@graph":[{"@type":"WebPage","@id":"https:\/\/www.location-moto-nice.com\/en\/location-moto\/balade-en-moto-vallee-de-la-tinee-et-de-la-vesubie\/","url":"https:\/\/www.location-moto-nice.com\/en\/location-moto\/balade-en-moto-vallee-de-la-tinee-et-de-la-vesubie\/","name":"Rivera Motorbike Tour Vall\u00e9e de la Tin\u00e9e et de la V\u00e9subie 2019 | Location Moto NICE","isPartOf":{"@id":"https:\/\/www.location-moto-nice.com\/en\/#website"},"primaryImageOfPage":{"@id":"https:\/\/www.location-moto-nice.com\/en\/location-moto\/balade-en-moto-vallee-de-la-tinee-et-de-la-vesubie\/#primaryimage"},"image":{"@id":"https:\/\/www.location-moto-nice.com\/location-moto\/balade-en-moto-vallee-de-la-tinee-et-de-la-vesubie\/#primaryimage"},"thumbnailUrl":"https:\/\/www.location-moto-nice.com\/wp-content\/uploads\/motos-lac2.jpg","datePublished":"2019-02-20T13:02:21+00:00","dateModified":"2019-03-07T14:20:37+00:00","description":"Rivera Motorbike Tour Vall\u00e9e de la Tin\u00e9e et de la V\u00e9subie 2019","breadcrumb":{"@id":"https:\/\/www.location-moto-nice.com\/en\/location-moto\/balade-en-moto-vallee-de-la-tinee-et-de-la-vesubie\/#breadcrumb"},"inLanguage":"en-US","potentialAction":[{"@type":"ReadAction","target":[["https:\/\/www.location-moto-nice.com\/en\/location-moto\/balade-en-moto-vallee-de-la-tinee-et-de-la-vesubie\/"]]}]},{"@type":"ImageObject","inLanguage":"en-US","@id":"https:\/\/www.location-moto-nice.com\/en\/location-moto\/balade-en-moto-vallee-de-la-tinee-et-de-la-vesubie\/#primaryimage","url":"https:\/\/www.location-moto-nice.com\/wp-content\/uploads\/motos-lac2.jpg","contentUrl":"https:\/\/www.location-moto-nice.com\/wp-content\/uploads\/motos-lac2.jpg","width":900,"height":472},{"@type":"BreadcrumbList","@id":"https:\/\/www.location-moto-nice.com\/en\/location-moto\/balade-en-moto-vallee-de-la-tinee-et-de-la-vesubie\/#breadcrumb","itemListElement":[{"@type":"ListItem","position":1,"name":"Accueil","item":"https:\/\/www.location-moto-nice.com\/en\/"},{"@type":"ListItem","position":2,"name":"Location Moto Nice","item":"https:\/\/www.location-moto-nice.com\/en\/boutique\/"},{"@type":"ListItem","position":3,"name":"Balade en moto Vall\u00e9e de la Tin\u00e9e et de la V\u00e9subie 2019"}]},{"@type":"WebSite","@id":"https:\/\/www.location-moto-nice.com\/en\/#website","url":"https:\/\/www.location-moto-nice.com\/en\/","name":"Location Moto NICE","description":"06 58 63 63 28 Nice Motorbike Rental","publisher":{"@id":"https:\/\/www.location-moto-nice.com\/en\/#organization"},"potentialAction":[{"@type":"SearchAction","target":{"@type":"EntryPoint","urlTemplate":"https:\/\/www.location-moto-nice.com\/en\/?s={search_term_string}"},"query-input":{"@type":"PropertyValueSpecification","valueRequired":true,"valueName":"search_term_string"}}],"inLanguage":"en-US"},{"@type":"Organization","@id":"https:\/\/www.location-moto-nice.com\/en\/#organization","name":"Location Moto Nice","alternateName":"AZUR-MOTORENT SAS FB VINTAGE","url":"https:\/\/www.location-moto-nice.com\/en\/","logo":{"@type":"ImageObject","inLanguage":"en-US","@id":"https:\/\/www.location-moto-nice.com\/en\/#\/schema\/logo\/image\/","url":"https:\/\/www.location-moto-nice.com\/wp-content\/uploads\/2018\/12\/logo-11-300-transparent.png","contentUrl":"https:\/\/www.location-moto-nice.com\/wp-content\/uploads\/2018\/12\/logo-11-300-transparent.png","width":500,"height":179,"caption":"Location Moto Nice"},"image":{"@id":"https:\/\/www.location-moto-nice.com\/en\/#\/schema\/logo\/image\/"}}]}},"_links":{"self":[{"href":"https:\/\/www.location-moto-nice.com\/en\/wp-json\/wp\/v2\/product\/956","targetHints":{"allow":["GET"]}}],"collection":[{"href":"https:\/\/www.location-moto-nice.com\/en\/wp-json\/wp\/v2\/product"}],"about":[{"href":"https:\/\/www.location-moto-nice.com\/en\/wp-json\/wp\/v2\/types\/product"}],"wp:featuredmedia":[{"embeddable":true,"href":"https:\/\/www.location-moto-nice.com\/en\/wp-json\/wp\/v2\/media\/1149"}],"wp:attachment":[{"href":"https:\/\/www.location-moto-nice.com\/en\/wp-json\/wp\/v2\/media?parent=956"}],"wp:term":[{"taxonomy":"product_brand","embeddable":true,"href":"https:\/\/www.location-moto-nice.com\/en\/wp-json\/wp\/v2\/product_brand?post=956"},{"taxonomy":"product_cat","embeddable":true,"href":"https:\/\/www.location-moto-nice.com\/en\/wp-json\/wp\/v2\/product_cat?post=956"},{"taxonomy":"product_tag","embeddable":true,"href":"https:\/\/www.location-moto-nice.com\/en\/wp-json\/wp\/v2\/product_tag?post=956"}],"curies":[{"name":"wp","href":"https:\/\/api.w.org\/{rel}","templated":true}]}}