{"id":760,"date":"2019-02-07T19:28:50","date_gmt":"2019-02-07T18:28:50","guid":{"rendered":"https:\/\/www.location-moto-nice.com\/?post_type=product&#038;p=760"},"modified":"2025-12-18T10:13:05","modified_gmt":"2025-12-18T09:13:05","slug":"location-moto-aeroport-nice-cote-dazur","status":"publish","type":"product","link":"https:\/\/www.location-moto-nice.com\/en\/location-moto\/location-moto-aeroport-nice-cote-dazur\/","title":{"rendered":"Nice Airport Delivery"},"content":{"rendered":"<p>Motorcycle rental from Nice airport is easy with our deliveries by appointment and booking only. You tell us at what time you want to have your rental motorcycle available at Nice airport or at what time you simply leave the motorcycle at Nice airport.Motorcycle rental from Nice airport is easy with our deliveries by appointment and booking only. You tell us at what time you want to have your rental motorcycle available at Nice airport or at what time you simply leave the motorcycle at Nice airport.<\/p>","protected":false},"excerpt":{"rendered":"<p>You want to get the motorcycle at Nice airport or want to leave your motorcycle there, choose the NICE AIRPORT option. Select here the details of your motorcycle reservation for Nice C\u00f4te d&#8217;Azur airport: date, time of the meeting at Nice Riviera airport.You want to get the motorcycle at Nice airport or want to leave your motorcycle there, choose the NICE AIRPORT option. Select here the details of your motorcycle reservation for Nice C\u00f4te d&#8217;Azur airport: date, time of the meeting at Nice Riviera airport.<\/p>\n","protected":false},"featured_media":763,"template":"","meta":[],"product_brand":[],"product_cat":[25,68,85,86,22],"product_tag":[],"class_list":{"0":"post-760","1":"product","2":"type-product","3":"status-publish","4":"has-post-thumbnail","6":"product_cat-cheque-cadeau-location-moto","7":"product_cat-location-moto-groupe","8":"product_cat-location-moto-triumph","9":"product_cat-location-moto-permis-a2","10":"product_cat-moto-de-location","11":"product_shipping_class-livgra","13":"first","14":"instock","15":"sale","16":"taxable","17":"shipping-taxable","18":"purchasable","19":"product-type-variable"},"booking_location":null,"booking_location_type":null,"booking_duration":null,"booking_duration_unit":null,"booking_buffer":null,"booking_cost":null,"booking_resources":null,"exclude_global_add_ons":false,"addons":[{"name":"Heure de d\u00e9part ?","type":"multiple_choice","position":0,"required":true,"title_format":"label","default":"","description_enable":false,"description":"","placeholder_enable":false,"placeholder":"","display":"radiobutton","restrictions_type":"any_text","adjust_price":false,"price":"","price_type":"flat_fee","restrictions":false,"min":"0","max":"0","options":[{"label":"8h","price":"","price_type":"flat_fee","image":0,"visibility":true},{"label":"9h","price":"","price_type":"flat_fee","image":0,"visibility":true},{"label":"10h","price":"","price_type":"flat_fee","image":0,"visibility":true},{"label":"18h","price":"","price_type":"flat_fee","image":0,"visibility":true},{"label":"19h","price":"","price_type":"flat_fee","image":0,"visibility":true}]},{"name":"Participants \u00e0 la balade moto","type":"checkbox","position":0,"required":true,"title_format":"label","default":"","description_enable":false,"description":"","placeholder_enable":false,"placeholder":"","display":"select","restrictions_type":"any_text","adjust_price":false,"price":"","price_type":"flat_fee","restrictions":false,"min":"0","max":"0","options":[{"label":"1 pilote","price":"340","price_type":"flat_fee","image":0,"visibility":true},{"label":"2 pilotes","price":"600","price_type":"flat_fee","image":0,"visibility":true},{"label":"3 pilotes","price":"810","price_type":"flat_fee","image":0,"visibility":true},{"label":"4 pilotes","price":"1000","price_type":"flat_fee","image":0,"visibility":true},{"label":"1 passager","price":"25","price_type":"flat_fee","image":0,"visibility":true},{"label":"2 passagers","price":"50","price_type":"flat_fee","image":0,"visibility":true},{"label":"3 passagers","price":"75","price_type":"flat_fee","image":0,"visibility":true},{"label":"4 passagers","price":"100","price_type":"flat_fee","image":0,"visibility":true}]},{"name":"Participants \u00e0 la balade moto","type":"multiple_choice","position":0,"required":true,"title_format":"label","default":"","description_enable":false,"description":"","placeholder_enable":false,"placeholder":"","display":"radiobutton","restrictions_type":"any_text","adjust_price":false,"price":"","price_type":"flat_fee","restrictions":false,"min":"0","max":"0","options":[{"label":"1 pilote","price":"320","price_type":"flat_fee","image":0,"visibility":true},{"label":"2 pilotes","price":"560","price_type":"flat_fee","image":0,"visibility":true},{"label":"3 pilotes","price":"750","price_type":"flat_fee","image":0,"visibility":true},{"label":"4 pilotes","price":"880","price_type":"flat_fee","image":0,"visibility":true},{"label":"1 passager","price":"25","price_type":"flat_fee","image":0,"visibility":true},{"label":"2 passagers","price":"50","price_type":"flat_fee","image":0,"visibility":true},{"label":"3 passagers","price":"75","price_type":"flat_fee","image":0,"visibility":true},{"label":"4 passagers","price":"100","price_type":"flat_fee","image":0,"visibility":true}]},{"name":"Participants \u00e0 la balade moto","type":"multiple_choice","position":0,"required":true,"title_format":"label","default":"","description_enable":false,"description":"","placeholder_enable":false,"placeholder":"","display":"radiobutton","restrictions_type":"any_text","adjust_price":false,"price":"","price_type":"flat_fee","restrictions":false,"min":"0","max":"0","options":[{"label":"1 pilote","price":"360","price_type":"flat_fee","image":0,"visibility":true},{"label":"2 pilotes","price":"640","price_type":"flat_fee","image":0,"visibility":true},{"label":"3 pilotes","price":"840","price_type":"flat_fee","image":0,"visibility":true},{"label":"4 pilotes","price":"1040","price_type":"flat_fee","image":0,"visibility":true},{"label":"1 passager","price":"25","price_type":"flat_fee","image":0,"visibility":true},{"label":"2 passagers","price":"50","price_type":"flat_fee","image":0,"visibility":true},{"label":"3 passagers","price":"75","price_type":"flat_fee","image":0,"visibility":true},{"label":"4 passagers","price":"100","price_type":"flat_fee","image":0,"visibility":true}]},{"name":"Participants \u00e0 la balade moto","type":"multiple_choice","position":0,"required":true,"title_format":"label","default":"","description_enable":false,"description":"","placeholder_enable":false,"placeholder":"","display":"radiobutton","restrictions_type":"any_text","adjust_price":false,"price":"","price_type":"flat_fee","restrictions":false,"min":"0","max":"0","options":[{"label":"1 pilote","price":"390","price_type":"flat_fee","image":0,"visibility":true},{"label":"2 pilotes","price":"700","price_type":"flat_fee","image":0,"visibility":true},{"label":"3 pilotes","price":"930","price_type":"flat_fee","image":0,"visibility":true},{"label":"4 pilotes","price":"1120","price_type":"flat_fee","image":0,"visibility":true},{"label":"1 passager","price":"25","price_type":"flat_fee","image":0,"visibility":true},{"label":"2 passagers","price":"50","price_type":"flat_fee","image":0,"visibility":true},{"label":"3 passagers","price":"75","price_type":"flat_fee","image":0,"visibility":true},{"label":"4 passagers","price":"100","price_type":"flat_fee","image":0,"visibility":true}]},{"name":"Participants \u00e0 la balade moto","type":"multiple_choice","position":0,"required":true,"title_format":"label","default":"","description_enable":false,"description":"","placeholder_enable":false,"placeholder":"","display":"radiobutton","restrictions_type":"any_text","adjust_price":false,"price":"","price_type":"flat_fee","restrictions":false,"min":"0","max":"0","options":[{"label":"1 pilote","price":"280","price_type":"flat_fee","image":0,"visibility":true},{"label":"2 pilotes","price":"500","price_type":"flat_fee","image":0,"visibility":true},{"label":"3 pilotes","price":"660","price_type":"flat_fee","image":0,"visibility":true},{"label":"4 pilotes","price":"800","price_type":"flat_fee","image":0,"visibility":true},{"label":"1 passager","price":"25","price_type":"flat_fee","image":0,"visibility":true},{"label":"2 passagers","price":"50","price_type":"flat_fee","image":0,"visibility":true},{"label":"3 passagers","price":"75","price_type":"flat_fee","image":0,"visibility":true},{"label":"4 passagers","price":"100","price_type":"flat_fee","image":0,"visibility":true}]}],"yoast_head":"<!-- This site is optimized with the Yoast SEO plugin v27.3 - https:\/\/yoast.com\/product\/yoast-seo-wordpress\/ -->\n<title>Nice Airport Delivery Location Moto Classique Nice<\/title>\n<meta name=\"description\" content=\"Nice Airport Delivery Location Moto A\u00e9roport de Nice C\u00f4te d&#039;Azur d\u00e8s votre arriv\u00e9e \u00e0 l&#039;a\u00e9roport prenez possession de votre moto sur RDV.\" \/>\n<meta name=\"robots\" content=\"index, follow, max-snippet:-1, max-image-preview:large, max-video-preview:-1\" \/>\n<link rel=\"canonical\" href=\"https:\/\/www.location-moto-nice.com\/en\/location-moto\/location-moto-aeroport-nice-cote-dazur\/\" \/>\n<meta property=\"og:locale\" content=\"en_US\" \/>\n<meta property=\"og:type\" content=\"article\" \/>\n<meta property=\"og:title\" content=\"Nice Airport Delivery Location Moto Classique Nice\" \/>\n<meta property=\"og:description\" content=\"Nice Airport Delivery Location Moto A\u00e9roport de Nice C\u00f4te d&#039;Azur d\u00e8s votre arriv\u00e9e \u00e0 l&#039;a\u00e9roport prenez possession de votre moto sur RDV.\" \/>\n<meta property=\"og:url\" content=\"https:\/\/www.location-moto-nice.com\/en\/location-moto\/location-moto-aeroport-nice-cote-dazur\/\" \/>\n<meta property=\"og:site_name\" content=\"Location Moto NICE\" \/>\n<meta property=\"article:modified_time\" content=\"2025-12-18T09:13:05+00:00\" \/>\n<meta property=\"og:image\" content=\"https:\/\/www.location-moto-nice.com\/wp-content\/uploads\/2019\/02\/Camion-dessin-indusMoto-Rent.jpg\" \/>\n\t<meta property=\"og:image:width\" content=\"1541\" \/>\n\t<meta property=\"og:image:height\" content=\"655\" \/>\n\t<meta property=\"og:image:type\" content=\"image\/jpeg\" \/>\n<meta name=\"twitter:card\" content=\"summary_large_image\" \/>\n<meta name=\"twitter:label1\" content=\"Est. reading time\" \/>\n\t<meta name=\"twitter:data1\" content=\"1 minute\" \/>\n<script type=\"application\/ld+json\" class=\"yoast-schema-graph\">{\"@context\":\"https:\\\/\\\/schema.org\",\"@graph\":[{\"@type\":\"WebPage\",\"@id\":\"https:\\\/\\\/www.location-moto-nice.com\\\/en\\\/location-moto\\\/location-moto-aeroport-nice-cote-dazur\\\/\",\"url\":\"https:\\\/\\\/www.location-moto-nice.com\\\/en\\\/location-moto\\\/location-moto-aeroport-nice-cote-dazur\\\/\",\"name\":\"Nice Airport Delivery Location Moto Classique Nice\",\"isPartOf\":{\"@id\":\"https:\\\/\\\/www.location-moto-nice.com\\\/en\\\/#website\"},\"primaryImageOfPage\":{\"@id\":\"https:\\\/\\\/www.location-moto-nice.com\\\/en\\\/location-moto\\\/location-moto-aeroport-nice-cote-dazur\\\/#primaryimage\"},\"image\":{\"@id\":\"https:\\\/\\\/www.location-moto-nice.com\\\/location-moto\\\/location-moto-aeroport-nice-cote-dazur\\\/#primaryimage\"},\"thumbnailUrl\":\"https:\\\/\\\/www.location-moto-nice.com\\\/wp-content\\\/uploads\\\/2019\\\/02\\\/Camion-dessin-indusMoto-Rent.jpg\",\"datePublished\":\"2019-02-07T18:28:50+00:00\",\"dateModified\":\"2025-12-18T09:13:05+00:00\",\"description\":\"Nice Airport Delivery Location Moto A\u00e9roport de Nice C\u00f4te d'Azur d\u00e8s votre arriv\u00e9e \u00e0 l'a\u00e9roport prenez possession de votre moto sur RDV.\",\"breadcrumb\":{\"@id\":\"https:\\\/\\\/www.location-moto-nice.com\\\/en\\\/location-moto\\\/location-moto-aeroport-nice-cote-dazur\\\/#breadcrumb\"},\"inLanguage\":\"en-US\",\"potentialAction\":[{\"@type\":\"ReadAction\",\"target\":[[\"https:\\\/\\\/www.location-moto-nice.com\\\/en\\\/location-moto\\\/location-moto-aeroport-nice-cote-dazur\\\/\"]]}]},{\"@type\":\"ImageObject\",\"inLanguage\":\"en-US\",\"@id\":\"https:\\\/\\\/www.location-moto-nice.com\\\/en\\\/location-moto\\\/location-moto-aeroport-nice-cote-dazur\\\/#primaryimage\",\"url\":\"https:\\\/\\\/www.location-moto-nice.com\\\/wp-content\\\/uploads\\\/2019\\\/02\\\/Camion-dessin-indusMoto-Rent.jpg\",\"contentUrl\":\"https:\\\/\\\/www.location-moto-nice.com\\\/wp-content\\\/uploads\\\/2019\\\/02\\\/Camion-dessin-indusMoto-Rent.jpg\",\"width\":1541,\"height\":655},{\"@type\":\"BreadcrumbList\",\"@id\":\"https:\\\/\\\/www.location-moto-nice.com\\\/en\\\/location-moto\\\/location-moto-aeroport-nice-cote-dazur\\\/#breadcrumb\",\"itemListElement\":[{\"@type\":\"ListItem\",\"position\":1,\"name\":\"Accueil\",\"item\":\"https:\\\/\\\/www.location-moto-nice.com\\\/en\\\/\"},{\"@type\":\"ListItem\",\"position\":2,\"name\":\"Location Moto Nice\",\"item\":\"https:\\\/\\\/www.location-moto-nice.com\\\/en\\\/boutique\\\/\"},{\"@type\":\"ListItem\",\"position\":3,\"name\":\"Livraison Moto A\u00e9roport Nice C\u00f4te d&rsquo;Azur\"}]},{\"@type\":\"WebSite\",\"@id\":\"https:\\\/\\\/www.location-moto-nice.com\\\/en\\\/#website\",\"url\":\"https:\\\/\\\/www.location-moto-nice.com\\\/en\\\/\",\"name\":\"Location Moto NICE\",\"description\":\"06 58 63 63 28 Nice Motorbike Rental\",\"publisher\":{\"@id\":\"https:\\\/\\\/www.location-moto-nice.com\\\/en\\\/#organization\"},\"potentialAction\":[{\"@type\":\"SearchAction\",\"target\":{\"@type\":\"EntryPoint\",\"urlTemplate\":\"https:\\\/\\\/www.location-moto-nice.com\\\/en\\\/?s={search_term_string}\"},\"query-input\":{\"@type\":\"PropertyValueSpecification\",\"valueRequired\":true,\"valueName\":\"search_term_string\"}}],\"inLanguage\":\"en-US\"},{\"@type\":\"Organization\",\"@id\":\"https:\\\/\\\/www.location-moto-nice.com\\\/en\\\/#organization\",\"name\":\"Location Moto Nice\",\"alternateName\":\"AZUR-MOTORENT SAS FB VINTAGE\",\"url\":\"https:\\\/\\\/www.location-moto-nice.com\\\/en\\\/\",\"logo\":{\"@type\":\"ImageObject\",\"inLanguage\":\"en-US\",\"@id\":\"https:\\\/\\\/www.location-moto-nice.com\\\/en\\\/#\\\/schema\\\/logo\\\/image\\\/\",\"url\":\"https:\\\/\\\/www.location-moto-nice.com\\\/wp-content\\\/uploads\\\/2018\\\/12\\\/logo-11-300-transparent.png\",\"contentUrl\":\"https:\\\/\\\/www.location-moto-nice.com\\\/wp-content\\\/uploads\\\/2018\\\/12\\\/logo-11-300-transparent.png\",\"width\":500,\"height\":179,\"caption\":\"Location Moto Nice\"},\"image\":{\"@id\":\"https:\\\/\\\/www.location-moto-nice.com\\\/en\\\/#\\\/schema\\\/logo\\\/image\\\/\"}}]}<\/script>\n<!-- \/ Yoast SEO plugin. -->","yoast_head_json":{"title":"Nice Airport Delivery Location Moto Classique Nice","description":"Nice Airport Delivery Location Moto A\u00e9roport de Nice C\u00f4te d'Azur d\u00e8s votre arriv\u00e9e \u00e0 l'a\u00e9roport prenez possession de votre moto sur RDV.","robots":{"index":"index","follow":"follow","max-snippet":"max-snippet:-1","max-image-preview":"max-image-preview:large","max-video-preview":"max-video-preview:-1"},"canonical":"https:\/\/www.location-moto-nice.com\/en\/location-moto\/location-moto-aeroport-nice-cote-dazur\/","og_locale":"en_US","og_type":"article","og_title":"Nice Airport Delivery Location Moto Classique Nice","og_description":"Nice Airport Delivery Location Moto A\u00e9roport de Nice C\u00f4te d'Azur d\u00e8s votre arriv\u00e9e \u00e0 l'a\u00e9roport prenez possession de votre moto sur RDV.","og_url":"https:\/\/www.location-moto-nice.com\/en\/location-moto\/location-moto-aeroport-nice-cote-dazur\/","og_site_name":"Location Moto NICE","article_modified_time":"2025-12-18T09:13:05+00:00","og_image":[{"width":1541,"height":655,"url":"https:\/\/www.location-moto-nice.com\/wp-content\/uploads\/2019\/02\/Camion-dessin-indusMoto-Rent.jpg","type":"image\/jpeg"}],"twitter_card":"summary_large_image","twitter_misc":{"Est. reading time":"1 minute"},"schema":{"@context":"https:\/\/schema.org","@graph":[{"@type":"WebPage","@id":"https:\/\/www.location-moto-nice.com\/en\/location-moto\/location-moto-aeroport-nice-cote-dazur\/","url":"https:\/\/www.location-moto-nice.com\/en\/location-moto\/location-moto-aeroport-nice-cote-dazur\/","name":"Nice Airport Delivery Location Moto Classique Nice","isPartOf":{"@id":"https:\/\/www.location-moto-nice.com\/en\/#website"},"primaryImageOfPage":{"@id":"https:\/\/www.location-moto-nice.com\/en\/location-moto\/location-moto-aeroport-nice-cote-dazur\/#primaryimage"},"image":{"@id":"https:\/\/www.location-moto-nice.com\/location-moto\/location-moto-aeroport-nice-cote-dazur\/#primaryimage"},"thumbnailUrl":"https:\/\/www.location-moto-nice.com\/wp-content\/uploads\/2019\/02\/Camion-dessin-indusMoto-Rent.jpg","datePublished":"2019-02-07T18:28:50+00:00","dateModified":"2025-12-18T09:13:05+00:00","description":"Nice Airport Delivery Location Moto A\u00e9roport de Nice C\u00f4te d'Azur d\u00e8s votre arriv\u00e9e \u00e0 l'a\u00e9roport prenez possession de votre moto sur RDV.","breadcrumb":{"@id":"https:\/\/www.location-moto-nice.com\/en\/location-moto\/location-moto-aeroport-nice-cote-dazur\/#breadcrumb"},"inLanguage":"en-US","potentialAction":[{"@type":"ReadAction","target":[["https:\/\/www.location-moto-nice.com\/en\/location-moto\/location-moto-aeroport-nice-cote-dazur\/"]]}]},{"@type":"ImageObject","inLanguage":"en-US","@id":"https:\/\/www.location-moto-nice.com\/en\/location-moto\/location-moto-aeroport-nice-cote-dazur\/#primaryimage","url":"https:\/\/www.location-moto-nice.com\/wp-content\/uploads\/2019\/02\/Camion-dessin-indusMoto-Rent.jpg","contentUrl":"https:\/\/www.location-moto-nice.com\/wp-content\/uploads\/2019\/02\/Camion-dessin-indusMoto-Rent.jpg","width":1541,"height":655},{"@type":"BreadcrumbList","@id":"https:\/\/www.location-moto-nice.com\/en\/location-moto\/location-moto-aeroport-nice-cote-dazur\/#breadcrumb","itemListElement":[{"@type":"ListItem","position":1,"name":"Accueil","item":"https:\/\/www.location-moto-nice.com\/en\/"},{"@type":"ListItem","position":2,"name":"Location Moto Nice","item":"https:\/\/www.location-moto-nice.com\/en\/boutique\/"},{"@type":"ListItem","position":3,"name":"Livraison Moto A\u00e9roport Nice C\u00f4te d&rsquo;Azur"}]},{"@type":"WebSite","@id":"https:\/\/www.location-moto-nice.com\/en\/#website","url":"https:\/\/www.location-moto-nice.com\/en\/","name":"Location Moto NICE","description":"06 58 63 63 28 Nice Motorbike Rental","publisher":{"@id":"https:\/\/www.location-moto-nice.com\/en\/#organization"},"potentialAction":[{"@type":"SearchAction","target":{"@type":"EntryPoint","urlTemplate":"https:\/\/www.location-moto-nice.com\/en\/?s={search_term_string}"},"query-input":{"@type":"PropertyValueSpecification","valueRequired":true,"valueName":"search_term_string"}}],"inLanguage":"en-US"},{"@type":"Organization","@id":"https:\/\/www.location-moto-nice.com\/en\/#organization","name":"Location Moto Nice","alternateName":"AZUR-MOTORENT SAS FB VINTAGE","url":"https:\/\/www.location-moto-nice.com\/en\/","logo":{"@type":"ImageObject","inLanguage":"en-US","@id":"https:\/\/www.location-moto-nice.com\/en\/#\/schema\/logo\/image\/","url":"https:\/\/www.location-moto-nice.com\/wp-content\/uploads\/2018\/12\/logo-11-300-transparent.png","contentUrl":"https:\/\/www.location-moto-nice.com\/wp-content\/uploads\/2018\/12\/logo-11-300-transparent.png","width":500,"height":179,"caption":"Location Moto Nice"},"image":{"@id":"https:\/\/www.location-moto-nice.com\/en\/#\/schema\/logo\/image\/"}}]}},"_links":{"self":[{"href":"https:\/\/www.location-moto-nice.com\/en\/wp-json\/wp\/v2\/product\/760","targetHints":{"allow":["GET"]}}],"collection":[{"href":"https:\/\/www.location-moto-nice.com\/en\/wp-json\/wp\/v2\/product"}],"about":[{"href":"https:\/\/www.location-moto-nice.com\/en\/wp-json\/wp\/v2\/types\/product"}],"wp:featuredmedia":[{"embeddable":true,"href":"https:\/\/www.location-moto-nice.com\/en\/wp-json\/wp\/v2\/media\/763"}],"wp:attachment":[{"href":"https:\/\/www.location-moto-nice.com\/en\/wp-json\/wp\/v2\/media?parent=760"}],"wp:term":[{"taxonomy":"product_brand","embeddable":true,"href":"https:\/\/www.location-moto-nice.com\/en\/wp-json\/wp\/v2\/product_brand?post=760"},{"taxonomy":"product_cat","embeddable":true,"href":"https:\/\/www.location-moto-nice.com\/en\/wp-json\/wp\/v2\/product_cat?post=760"},{"taxonomy":"product_tag","embeddable":true,"href":"https:\/\/www.location-moto-nice.com\/en\/wp-json\/wp\/v2\/product_tag?post=760"}],"curies":[{"name":"wp","href":"https:\/\/api.w.org\/{rel}","templated":true}]}}