{"id":1340,"date":"2019-03-27T11:45:01","date_gmt":"2019-03-27T10:45:01","guid":{"rendered":"https:\/\/www.location-moto-nice.com\/?post_type=product&#038;p=1340"},"modified":"2019-03-27T11:54:13","modified_gmt":"2019-03-27T10:54:13","slug":"balade-moto-cote-dazur-le-haut-pays-nicois-col-de-turini","status":"publish","type":"product","link":"https:\/\/www.location-moto-nice.com\/en\/location-moto\/balade-moto-cote-dazur-le-haut-pays-nicois-col-de-turini\/","title":{"rendered":"French Rivera Motorbike Tour &#8220;Le haut pays Ni\u00e7ois, col de Turini&#8221;"},"content":{"rendered":"<p>Departure from Valbonne, Cannes or Nice. Direction the valley of the Var then valley of V\u00e9subie with its gorges. We then go to the Turini pass by the Boll\u00e8ne V\u00e9subie, legendary route of the Monte Carlo Rally with its boundless laces. Lunch break, Authion station. We take small roads and picturesque paths to descend on Breil Roya, Sospel, col de Braus, beautiful and authentic course in the hinterland of Nice. Back in the valley of the var rolling on the heights of Nice with splendid landscapes.<\/p>","protected":false},"excerpt":{"rendered":"<p>Motorcycle tour tourism C\u00f4te d&#8217;Azur<\/p>\n<p>&#8220;The high country of Nice, Col de Turini&#8221;<br \/>\nDeparture 10:00 Return 17:00<br \/>\nPlace of departure: 540 Avenue de la Plaine, 06250 Mougins<br \/>\nMeal, coffee break, companion<\/p>\n","protected":false},"featured_media":1341,"template":"","meta":[],"product_brand":[],"product_cat":[52],"product_tag":[],"class_list":{"0":"post-1340","1":"product","2":"type-product","3":"status-publish","4":"has-post-thumbnail","6":"product_cat-balades-moto-cote-dazur","7":"product_shipping_class-livgra","9":"first","10":"instock","11":"sold-individually","12":"taxable","13":"shipping-taxable","14":"purchasable","15":"product-type-booking"},"booking_location":"","booking_location_type":"","booking_duration":1,"booking_duration_unit":"day","booking_buffer":0,"booking_cost":0,"booking_resources":[1161],"exclude_global_add_ons":false,"addons":[{"name":"Participants \u00e0 la balade moto","type":"checkbox","position":0,"required":true,"title_format":"label","default":"","description_enable":false,"description":"","placeholder_enable":false,"placeholder":"","display":"radiobutton","restrictions_type":"any_text","adjust_price":false,"price":"","price_type":"flat_fee","restrictions":false,"min":"0","max":"0","options":[{"label":"1 pilote","price":"340","price_type":"flat_fee","image":0,"visibility":true},{"label":"2 pilotes","price":"600","price_type":"flat_fee","image":0,"visibility":true},{"label":"3 pilotes","price":"810","price_type":"flat_fee","image":0,"visibility":true},{"label":"4 pilotes","price":"1000","price_type":"flat_fee","image":0,"visibility":true},{"label":"1 passager","price":"25","price_type":"flat_fee","image":0,"visibility":true},{"label":"2 passagers","price":"50","price_type":"flat_fee","image":0,"visibility":true},{"label":"3 passagers","price":"75","price_type":"flat_fee","image":0,"visibility":true},{"label":"4 passagers","price":"100","price_type":"flat_fee","image":0,"visibility":true}]},{"name":"Participants \u00e0 la balade moto","type":"checkbox","position":0,"required":true,"title_format":"label","default":"","description_enable":false,"description":"","placeholder_enable":false,"placeholder":"","display":"select","restrictions_type":"any_text","adjust_price":false,"price":"","price_type":"flat_fee","restrictions":false,"min":"0","max":"0","options":[{"label":"1 pilote","price":"340","price_type":"flat_fee","image":0,"visibility":true},{"label":"2 pilotes","price":"600","price_type":"flat_fee","image":0,"visibility":true},{"label":"3 pilotes","price":"810","price_type":"flat_fee","image":0,"visibility":true},{"label":"4 pilotes","price":"1000","price_type":"flat_fee","image":0,"visibility":true},{"label":"1 passager","price":"25","price_type":"flat_fee","image":0,"visibility":true},{"label":"2 passagers","price":"50","price_type":"flat_fee","image":0,"visibility":true},{"label":"3 passagers","price":"75","price_type":"flat_fee","image":0,"visibility":true},{"label":"4 passagers","price":"100","price_type":"flat_fee","image":0,"visibility":true}]},{"name":"Participants \u00e0 la balade moto","type":"multiple_choice","position":0,"required":true,"title_format":"label","default":"","description_enable":false,"description":"","placeholder_enable":false,"placeholder":"","display":"radiobutton","restrictions_type":"any_text","adjust_price":false,"price":"","price_type":"flat_fee","restrictions":false,"min":"0","max":"0","options":[{"label":"1 pilote","price":"320","price_type":"flat_fee","image":0,"visibility":true},{"label":"2 pilotes","price":"560","price_type":"flat_fee","image":0,"visibility":true},{"label":"3 pilotes","price":"750","price_type":"flat_fee","image":0,"visibility":true},{"label":"4 pilotes","price":"880","price_type":"flat_fee","image":0,"visibility":true},{"label":"1 passager","price":"25","price_type":"flat_fee","image":0,"visibility":true},{"label":"2 passagers","price":"50","price_type":"flat_fee","image":0,"visibility":true},{"label":"3 passagers","price":"75","price_type":"flat_fee","image":0,"visibility":true},{"label":"4 passagers","price":"100","price_type":"flat_fee","image":0,"visibility":true}]},{"name":"Participants \u00e0 la balade moto","type":"multiple_choice","position":0,"required":true,"title_format":"label","default":"","description_enable":false,"description":"","placeholder_enable":false,"placeholder":"","display":"radiobutton","restrictions_type":"any_text","adjust_price":false,"price":"","price_type":"flat_fee","restrictions":false,"min":"0","max":"0","options":[{"label":"1 pilote","price":"360","price_type":"flat_fee","image":0,"visibility":true},{"label":"2 pilotes","price":"640","price_type":"flat_fee","image":0,"visibility":true},{"label":"3 pilotes","price":"840","price_type":"flat_fee","image":0,"visibility":true},{"label":"4 pilotes","price":"1040","price_type":"flat_fee","image":0,"visibility":true},{"label":"1 passager","price":"25","price_type":"flat_fee","image":0,"visibility":true},{"label":"2 passagers","price":"50","price_type":"flat_fee","image":0,"visibility":true},{"label":"3 passagers","price":"75","price_type":"flat_fee","image":0,"visibility":true},{"label":"4 passagers","price":"100","price_type":"flat_fee","image":0,"visibility":true}]},{"name":"Participants \u00e0 la balade moto","type":"multiple_choice","position":0,"required":true,"title_format":"label","default":"","description_enable":false,"description":"","placeholder_enable":false,"placeholder":"","display":"radiobutton","restrictions_type":"any_text","adjust_price":false,"price":"","price_type":"flat_fee","restrictions":false,"min":"0","max":"0","options":[{"label":"1 pilote","price":"390","price_type":"flat_fee","image":0,"visibility":true},{"label":"2 pilotes","price":"700","price_type":"flat_fee","image":0,"visibility":true},{"label":"3 pilotes","price":"930","price_type":"flat_fee","image":0,"visibility":true},{"label":"4 pilotes","price":"1120","price_type":"flat_fee","image":0,"visibility":true},{"label":"1 passager","price":"25","price_type":"flat_fee","image":0,"visibility":true},{"label":"2 passagers","price":"50","price_type":"flat_fee","image":0,"visibility":true},{"label":"3 passagers","price":"75","price_type":"flat_fee","image":0,"visibility":true},{"label":"4 passagers","price":"100","price_type":"flat_fee","image":0,"visibility":true}]},{"name":"Participants \u00e0 la balade moto","type":"multiple_choice","position":0,"required":true,"title_format":"label","default":"","description_enable":false,"description":"","placeholder_enable":false,"placeholder":"","display":"radiobutton","restrictions_type":"any_text","adjust_price":false,"price":"","price_type":"flat_fee","restrictions":false,"min":"0","max":"0","options":[{"label":"1 pilote","price":"280","price_type":"flat_fee","image":0,"visibility":true},{"label":"2 pilotes","price":"500","price_type":"flat_fee","image":0,"visibility":true},{"label":"3 pilotes","price":"660","price_type":"flat_fee","image":0,"visibility":true},{"label":"4 pilotes","price":"800","price_type":"flat_fee","image":0,"visibility":true},{"label":"1 passager","price":"25","price_type":"flat_fee","image":0,"visibility":true},{"label":"2 passagers","price":"50","price_type":"flat_fee","image":0,"visibility":true},{"label":"3 passagers","price":"75","price_type":"flat_fee","image":0,"visibility":true},{"label":"4 passagers","price":"100","price_type":"flat_fee","image":0,"visibility":true}]}],"yoast_head":"<!-- This site is optimized with the Yoast SEO plugin v27.5 - https:\/\/yoast.com\/product\/yoast-seo-wordpress\/ -->\n<title>French Rivera Motorbike Tour &quot;Le haut pays Ni\u00e7ois, col de Turini&quot; | Location Moto NICE<\/title>\n<meta name=\"description\" content=\"French Rivera Motorbike Tour &quot;Le haut pays Ni\u00e7ois, col de Turini&quot;\" \/>\n<meta name=\"robots\" content=\"index, follow, max-snippet:-1, max-image-preview:large, max-video-preview:-1\" \/>\n<link rel=\"canonical\" href=\"https:\/\/www.location-moto-nice.com\/en\/location-moto\/balade-moto-cote-dazur-le-haut-pays-nicois-col-de-turini\/\" \/>\n<meta property=\"og:locale\" content=\"en_US\" \/>\n<meta property=\"og:type\" content=\"article\" \/>\n<meta property=\"og:title\" content=\"French Rivera Motorbike Tour &quot;Le haut pays Ni\u00e7ois, col de Turini&quot; | Location Moto NICE\" \/>\n<meta property=\"og:description\" content=\"French Rivera Motorbike Tour &quot;Le haut pays Ni\u00e7ois, col de Turini&quot;\" \/>\n<meta property=\"og:url\" content=\"https:\/\/www.location-moto-nice.com\/en\/location-moto\/balade-moto-cote-dazur-le-haut-pays-nicois-col-de-turini\/\" \/>\n<meta property=\"og:site_name\" content=\"Location Moto NICE\" \/>\n<meta property=\"article:modified_time\" content=\"2019-03-27T10:54:13+00:00\" \/>\n<meta property=\"og:image\" content=\"https:\/\/www.location-moto-nice.com\/wp-content\/uploads\/balade-moto-col-turini.jpg\" \/>\n\t<meta property=\"og:image:width\" content=\"600\" \/>\n\t<meta property=\"og:image:height\" content=\"600\" \/>\n\t<meta property=\"og:image:type\" content=\"image\/jpeg\" \/>\n<meta name=\"twitter:card\" content=\"summary_large_image\" \/>\n<meta name=\"twitter:label1\" content=\"Est. reading time\" \/>\n\t<meta name=\"twitter:data1\" content=\"1 minute\" \/>\n<script type=\"application\/ld+json\" class=\"yoast-schema-graph\">{\"@context\":\"https:\\\/\\\/schema.org\",\"@graph\":[{\"@type\":\"WebPage\",\"@id\":\"https:\\\/\\\/www.location-moto-nice.com\\\/en\\\/location-moto\\\/balade-moto-cote-dazur-le-haut-pays-nicois-col-de-turini\\\/\",\"url\":\"https:\\\/\\\/www.location-moto-nice.com\\\/en\\\/location-moto\\\/balade-moto-cote-dazur-le-haut-pays-nicois-col-de-turini\\\/\",\"name\":\"French Rivera Motorbike Tour \\\"Le haut pays Ni\u00e7ois, col de Turini\\\" | Location Moto NICE\",\"isPartOf\":{\"@id\":\"https:\\\/\\\/www.location-moto-nice.com\\\/en\\\/#website\"},\"primaryImageOfPage\":{\"@id\":\"https:\\\/\\\/www.location-moto-nice.com\\\/en\\\/location-moto\\\/balade-moto-cote-dazur-le-haut-pays-nicois-col-de-turini\\\/#primaryimage\"},\"image\":{\"@id\":\"https:\\\/\\\/www.location-moto-nice.com\\\/en\\\/location-moto\\\/balade-moto-cote-dazur-le-haut-pays-nicois-col-de-turini\\\/#primaryimage\"},\"thumbnailUrl\":\"https:\\\/\\\/www.location-moto-nice.com\\\/wp-content\\\/uploads\\\/balade-moto-col-turini.jpg\",\"datePublished\":\"2019-03-27T10:45:01+00:00\",\"dateModified\":\"2019-03-27T10:54:13+00:00\",\"description\":\"French Rivera Motorbike Tour \\\"Le haut pays Ni\u00e7ois, col de Turini\\\"\",\"breadcrumb\":{\"@id\":\"https:\\\/\\\/www.location-moto-nice.com\\\/en\\\/location-moto\\\/balade-moto-cote-dazur-le-haut-pays-nicois-col-de-turini\\\/#breadcrumb\"},\"inLanguage\":\"en-US\",\"potentialAction\":[{\"@type\":\"ReadAction\",\"target\":[[\"https:\\\/\\\/www.location-moto-nice.com\\\/en\\\/location-moto\\\/balade-moto-cote-dazur-le-haut-pays-nicois-col-de-turini\\\/\"]]}]},{\"@type\":\"ImageObject\",\"inLanguage\":\"en-US\",\"@id\":\"https:\\\/\\\/www.location-moto-nice.com\\\/en\\\/location-moto\\\/balade-moto-cote-dazur-le-haut-pays-nicois-col-de-turini\\\/#primaryimage\",\"url\":\"https:\\\/\\\/www.location-moto-nice.com\\\/wp-content\\\/uploads\\\/balade-moto-col-turini.jpg\",\"contentUrl\":\"https:\\\/\\\/www.location-moto-nice.com\\\/wp-content\\\/uploads\\\/balade-moto-col-turini.jpg\",\"width\":600,\"height\":600,\"caption\":\"Balade moto Col de Turini\"},{\"@type\":\"BreadcrumbList\",\"@id\":\"https:\\\/\\\/www.location-moto-nice.com\\\/en\\\/location-moto\\\/balade-moto-cote-dazur-le-haut-pays-nicois-col-de-turini\\\/#breadcrumb\",\"itemListElement\":[{\"@type\":\"ListItem\",\"position\":1,\"name\":\"Accueil\",\"item\":\"https:\\\/\\\/www.location-moto-nice.com\\\/en\\\/\"},{\"@type\":\"ListItem\",\"position\":2,\"name\":\"Location Moto Nice\",\"item\":\"https:\\\/\\\/www.location-moto-nice.com\\\/en\\\/boutique\\\/\"},{\"@type\":\"ListItem\",\"position\":3,\"name\":\"French Rivera Motorbike Tour &#8220;Le haut pays Ni\u00e7ois, col de Turini&#8221;\"}]},{\"@type\":\"WebSite\",\"@id\":\"https:\\\/\\\/www.location-moto-nice.com\\\/en\\\/#website\",\"url\":\"https:\\\/\\\/www.location-moto-nice.com\\\/en\\\/\",\"name\":\"Location Moto NICE\",\"description\":\"06 58 63 63 28 Nice Motorbike Rental\",\"publisher\":{\"@id\":\"https:\\\/\\\/www.location-moto-nice.com\\\/en\\\/#organization\"},\"potentialAction\":[{\"@type\":\"SearchAction\",\"target\":{\"@type\":\"EntryPoint\",\"urlTemplate\":\"https:\\\/\\\/www.location-moto-nice.com\\\/en\\\/?s={search_term_string}\"},\"query-input\":{\"@type\":\"PropertyValueSpecification\",\"valueRequired\":true,\"valueName\":\"search_term_string\"}}],\"inLanguage\":\"en-US\"},{\"@type\":\"Organization\",\"@id\":\"https:\\\/\\\/www.location-moto-nice.com\\\/en\\\/#organization\",\"name\":\"Location Moto Nice\",\"alternateName\":\"AZUR-MOTORENT SAS FB VINTAGE\",\"url\":\"https:\\\/\\\/www.location-moto-nice.com\\\/en\\\/\",\"logo\":{\"@type\":\"ImageObject\",\"inLanguage\":\"en-US\",\"@id\":\"https:\\\/\\\/www.location-moto-nice.com\\\/en\\\/#\\\/schema\\\/logo\\\/image\\\/\",\"url\":\"https:\\\/\\\/www.location-moto-nice.com\\\/wp-content\\\/uploads\\\/2018\\\/12\\\/logo-11-300-transparent.png\",\"contentUrl\":\"https:\\\/\\\/www.location-moto-nice.com\\\/wp-content\\\/uploads\\\/2018\\\/12\\\/logo-11-300-transparent.png\",\"width\":500,\"height\":179,\"caption\":\"Location Moto Nice\"},\"image\":{\"@id\":\"https:\\\/\\\/www.location-moto-nice.com\\\/en\\\/#\\\/schema\\\/logo\\\/image\\\/\"}}]}<\/script>\n<!-- \/ Yoast SEO plugin. -->","yoast_head_json":{"title":"French Rivera Motorbike Tour \"Le haut pays Ni\u00e7ois, col de Turini\" | Location Moto NICE","description":"French Rivera Motorbike Tour \"Le haut pays Ni\u00e7ois, col de Turini\"","robots":{"index":"index","follow":"follow","max-snippet":"max-snippet:-1","max-image-preview":"max-image-preview:large","max-video-preview":"max-video-preview:-1"},"canonical":"https:\/\/www.location-moto-nice.com\/en\/location-moto\/balade-moto-cote-dazur-le-haut-pays-nicois-col-de-turini\/","og_locale":"en_US","og_type":"article","og_title":"French Rivera Motorbike Tour \"Le haut pays Ni\u00e7ois, col de Turini\" | Location Moto NICE","og_description":"French Rivera Motorbike Tour \"Le haut pays Ni\u00e7ois, col de Turini\"","og_url":"https:\/\/www.location-moto-nice.com\/en\/location-moto\/balade-moto-cote-dazur-le-haut-pays-nicois-col-de-turini\/","og_site_name":"Location Moto NICE","article_modified_time":"2019-03-27T10:54:13+00:00","og_image":[{"width":600,"height":600,"url":"https:\/\/www.location-moto-nice.com\/wp-content\/uploads\/balade-moto-col-turini.jpg","type":"image\/jpeg"}],"twitter_card":"summary_large_image","twitter_misc":{"Est. reading time":"1 minute"},"schema":{"@context":"https:\/\/schema.org","@graph":[{"@type":"WebPage","@id":"https:\/\/www.location-moto-nice.com\/en\/location-moto\/balade-moto-cote-dazur-le-haut-pays-nicois-col-de-turini\/","url":"https:\/\/www.location-moto-nice.com\/en\/location-moto\/balade-moto-cote-dazur-le-haut-pays-nicois-col-de-turini\/","name":"French Rivera Motorbike Tour \"Le haut pays Ni\u00e7ois, col de Turini\" | Location Moto NICE","isPartOf":{"@id":"https:\/\/www.location-moto-nice.com\/en\/#website"},"primaryImageOfPage":{"@id":"https:\/\/www.location-moto-nice.com\/en\/location-moto\/balade-moto-cote-dazur-le-haut-pays-nicois-col-de-turini\/#primaryimage"},"image":{"@id":"https:\/\/www.location-moto-nice.com\/en\/location-moto\/balade-moto-cote-dazur-le-haut-pays-nicois-col-de-turini\/#primaryimage"},"thumbnailUrl":"https:\/\/www.location-moto-nice.com\/wp-content\/uploads\/balade-moto-col-turini.jpg","datePublished":"2019-03-27T10:45:01+00:00","dateModified":"2019-03-27T10:54:13+00:00","description":"French Rivera Motorbike Tour \"Le haut pays Ni\u00e7ois, col de Turini\"","breadcrumb":{"@id":"https:\/\/www.location-moto-nice.com\/en\/location-moto\/balade-moto-cote-dazur-le-haut-pays-nicois-col-de-turini\/#breadcrumb"},"inLanguage":"en-US","potentialAction":[{"@type":"ReadAction","target":[["https:\/\/www.location-moto-nice.com\/en\/location-moto\/balade-moto-cote-dazur-le-haut-pays-nicois-col-de-turini\/"]]}]},{"@type":"ImageObject","inLanguage":"en-US","@id":"https:\/\/www.location-moto-nice.com\/en\/location-moto\/balade-moto-cote-dazur-le-haut-pays-nicois-col-de-turini\/#primaryimage","url":"https:\/\/www.location-moto-nice.com\/wp-content\/uploads\/balade-moto-col-turini.jpg","contentUrl":"https:\/\/www.location-moto-nice.com\/wp-content\/uploads\/balade-moto-col-turini.jpg","width":600,"height":600,"caption":"Balade moto Col de Turini"},{"@type":"BreadcrumbList","@id":"https:\/\/www.location-moto-nice.com\/en\/location-moto\/balade-moto-cote-dazur-le-haut-pays-nicois-col-de-turini\/#breadcrumb","itemListElement":[{"@type":"ListItem","position":1,"name":"Accueil","item":"https:\/\/www.location-moto-nice.com\/en\/"},{"@type":"ListItem","position":2,"name":"Location Moto Nice","item":"https:\/\/www.location-moto-nice.com\/en\/boutique\/"},{"@type":"ListItem","position":3,"name":"French Rivera Motorbike Tour &#8220;Le haut pays Ni\u00e7ois, col de Turini&#8221;"}]},{"@type":"WebSite","@id":"https:\/\/www.location-moto-nice.com\/en\/#website","url":"https:\/\/www.location-moto-nice.com\/en\/","name":"Location Moto NICE","description":"06 58 63 63 28 Nice Motorbike Rental","publisher":{"@id":"https:\/\/www.location-moto-nice.com\/en\/#organization"},"potentialAction":[{"@type":"SearchAction","target":{"@type":"EntryPoint","urlTemplate":"https:\/\/www.location-moto-nice.com\/en\/?s={search_term_string}"},"query-input":{"@type":"PropertyValueSpecification","valueRequired":true,"valueName":"search_term_string"}}],"inLanguage":"en-US"},{"@type":"Organization","@id":"https:\/\/www.location-moto-nice.com\/en\/#organization","name":"Location Moto Nice","alternateName":"AZUR-MOTORENT SAS FB VINTAGE","url":"https:\/\/www.location-moto-nice.com\/en\/","logo":{"@type":"ImageObject","inLanguage":"en-US","@id":"https:\/\/www.location-moto-nice.com\/en\/#\/schema\/logo\/image\/","url":"https:\/\/www.location-moto-nice.com\/wp-content\/uploads\/2018\/12\/logo-11-300-transparent.png","contentUrl":"https:\/\/www.location-moto-nice.com\/wp-content\/uploads\/2018\/12\/logo-11-300-transparent.png","width":500,"height":179,"caption":"Location Moto Nice"},"image":{"@id":"https:\/\/www.location-moto-nice.com\/en\/#\/schema\/logo\/image\/"}}]}},"_links":{"self":[{"href":"https:\/\/www.location-moto-nice.com\/en\/wp-json\/wp\/v2\/product\/1340","targetHints":{"allow":["GET"]}}],"collection":[{"href":"https:\/\/www.location-moto-nice.com\/en\/wp-json\/wp\/v2\/product"}],"about":[{"href":"https:\/\/www.location-moto-nice.com\/en\/wp-json\/wp\/v2\/types\/product"}],"wp:featuredmedia":[{"embeddable":true,"href":"https:\/\/www.location-moto-nice.com\/en\/wp-json\/wp\/v2\/media\/1341"}],"wp:attachment":[{"href":"https:\/\/www.location-moto-nice.com\/en\/wp-json\/wp\/v2\/media?parent=1340"}],"wp:term":[{"taxonomy":"product_brand","embeddable":true,"href":"https:\/\/www.location-moto-nice.com\/en\/wp-json\/wp\/v2\/product_brand?post=1340"},{"taxonomy":"product_cat","embeddable":true,"href":"https:\/\/www.location-moto-nice.com\/en\/wp-json\/wp\/v2\/product_cat?post=1340"},{"taxonomy":"product_tag","embeddable":true,"href":"https:\/\/www.location-moto-nice.com\/en\/wp-json\/wp\/v2\/product_tag?post=1340"}],"curies":[{"name":"wp","href":"https:\/\/api.w.org\/{rel}","templated":true}]}}