{"id":1332,"date":"2019-03-27T11:28:21","date_gmt":"2019-03-27T10:28:21","guid":{"rendered":"https:\/\/www.location-moto-nice.com\/?post_type=product&#038;p=1332"},"modified":"2019-03-27T11:41:43","modified_gmt":"2019-03-27T10:41:43","slug":"balade-mototourisme-cote-dazur-larriere-pays-grassois","status":"publish","type":"product","link":"https:\/\/www.location-moto-nice.com\/en\/location-moto\/balade-mototourisme-cote-dazur-larriere-pays-grassois\/","title":{"rendered":"Rivera Motorbike Tour &#8220;L\u2019arri\u00e8re pays Grassois&#8221;"},"content":{"rendered":"<p>D\u00e9part de Valbonne, direction Opio puis Gourdon avec une vue magnifique et imprenable sur toute la c\u00f4te. On traverse ensuite les gorges du loup pour remonter sur Gr\u00e9oli\u00e8res puis direction Thorenc et le col de Bleine qui offre de nombreux lacets jusqu\u2019\u00e0 Saint Auban et sa fameuse clue. Pause d\u00e9jeuner avant de reprendre la route en direction du lac de Castillon puis retour par Castellane et la fameuse route Napol\u00e9on D6085 qui nous descendra jusqu\u2019\u00e0 Grasse ville des parfums.<\/p>","protected":false},"excerpt":{"rendered":"<p>Motorcycle tour tourism C\u00f4te d&#8217;Azur<\/p>\n<ul>\n<li>Valley of Tin\u00e9e and V\u00e9subie<\/li>\n<li>Departure 10:00 Return 17:00<\/li>\n<li>Place of departure: 540 Avenue de la Plaine, 06250 Mougins<\/li>\n<\/ul>\n","protected":false},"featured_media":1333,"template":"","meta":[],"product_brand":[],"product_cat":[52],"product_tag":[],"class_list":{"0":"post-1332","1":"product","2":"type-product","3":"status-publish","4":"has-post-thumbnail","6":"product_cat-balades-moto-cote-dazur","7":"product_shipping_class-livgra","9":"first","10":"instock","11":"sold-individually","12":"taxable","13":"shipping-taxable","14":"purchasable","15":"product-type-booking"},"booking_location":"","booking_location_type":"","booking_duration":1,"booking_duration_unit":"day","booking_buffer":0,"booking_cost":0,"booking_resources":[1161],"exclude_global_add_ons":false,"addons":[{"name":"Participants \u00e0 la balade moto","type":"checkbox","position":0,"required":true,"title_format":"label","default":"","description_enable":false,"description":"","placeholder_enable":false,"placeholder":"","display":"select","restrictions_type":"any_text","adjust_price":false,"price":"","price_type":"flat_fee","restrictions":false,"min":"0","max":"0","options":[{"label":"1 pilote","price":"280","price_type":"flat_fee","image":0,"visibility":true},{"label":"2 pilotes","price":"500","price_type":"flat_fee","image":0,"visibility":true},{"label":"3 pilotes","price":"660","price_type":"flat_fee","image":0,"visibility":true},{"label":"4 pilotes","price":"800","price_type":"flat_fee","image":0,"visibility":true},{"label":"1 passager","price":"25","price_type":"flat_fee","image":0,"visibility":true},{"label":"2 passagers","price":"50","price_type":"flat_fee","image":0,"visibility":true},{"label":"3 passagers","price":"75","price_type":"flat_fee","image":0,"visibility":true},{"label":"4 passagers","price":"100","price_type":"flat_fee","image":0,"visibility":true}]},{"name":"Participants \u00e0 la balade moto","type":"checkbox","position":0,"required":true,"title_format":"label","default":"","description_enable":false,"description":"","placeholder_enable":false,"placeholder":"","display":"select","restrictions_type":"any_text","adjust_price":false,"price":"","price_type":"flat_fee","restrictions":false,"min":"0","max":"0","options":[{"label":"1 pilote","price":"340","price_type":"flat_fee","image":0,"visibility":true},{"label":"2 pilotes","price":"600","price_type":"flat_fee","image":0,"visibility":true},{"label":"3 pilotes","price":"810","price_type":"flat_fee","image":0,"visibility":true},{"label":"4 pilotes","price":"1000","price_type":"flat_fee","image":0,"visibility":true},{"label":"1 passager","price":"25","price_type":"flat_fee","image":0,"visibility":true},{"label":"2 passagers","price":"50","price_type":"flat_fee","image":0,"visibility":true},{"label":"3 passagers","price":"75","price_type":"flat_fee","image":0,"visibility":true},{"label":"4 passagers","price":"100","price_type":"flat_fee","image":0,"visibility":true}]},{"name":"Participants \u00e0 la balade moto","type":"multiple_choice","position":0,"required":true,"title_format":"label","default":"","description_enable":false,"description":"","placeholder_enable":false,"placeholder":"","display":"radiobutton","restrictions_type":"any_text","adjust_price":false,"price":"","price_type":"flat_fee","restrictions":false,"min":"0","max":"0","options":[{"label":"1 pilote","price":"320","price_type":"flat_fee","image":0,"visibility":true},{"label":"2 pilotes","price":"560","price_type":"flat_fee","image":0,"visibility":true},{"label":"3 pilotes","price":"750","price_type":"flat_fee","image":0,"visibility":true},{"label":"4 pilotes","price":"880","price_type":"flat_fee","image":0,"visibility":true},{"label":"1 passager","price":"25","price_type":"flat_fee","image":0,"visibility":true},{"label":"2 passagers","price":"50","price_type":"flat_fee","image":0,"visibility":true},{"label":"3 passagers","price":"75","price_type":"flat_fee","image":0,"visibility":true},{"label":"4 passagers","price":"100","price_type":"flat_fee","image":0,"visibility":true}]},{"name":"Participants \u00e0 la balade moto","type":"multiple_choice","position":0,"required":true,"title_format":"label","default":"","description_enable":false,"description":"","placeholder_enable":false,"placeholder":"","display":"radiobutton","restrictions_type":"any_text","adjust_price":false,"price":"","price_type":"flat_fee","restrictions":false,"min":"0","max":"0","options":[{"label":"1 pilote","price":"360","price_type":"flat_fee","image":0,"visibility":true},{"label":"2 pilotes","price":"640","price_type":"flat_fee","image":0,"visibility":true},{"label":"3 pilotes","price":"840","price_type":"flat_fee","image":0,"visibility":true},{"label":"4 pilotes","price":"1040","price_type":"flat_fee","image":0,"visibility":true},{"label":"1 passager","price":"25","price_type":"flat_fee","image":0,"visibility":true},{"label":"2 passagers","price":"50","price_type":"flat_fee","image":0,"visibility":true},{"label":"3 passagers","price":"75","price_type":"flat_fee","image":0,"visibility":true},{"label":"4 passagers","price":"100","price_type":"flat_fee","image":0,"visibility":true}]},{"name":"Participants \u00e0 la balade moto","type":"multiple_choice","position":0,"required":true,"title_format":"label","default":"","description_enable":false,"description":"","placeholder_enable":false,"placeholder":"","display":"radiobutton","restrictions_type":"any_text","adjust_price":false,"price":"","price_type":"flat_fee","restrictions":false,"min":"0","max":"0","options":[{"label":"1 pilote","price":"390","price_type":"flat_fee","image":0,"visibility":true},{"label":"2 pilotes","price":"700","price_type":"flat_fee","image":0,"visibility":true},{"label":"3 pilotes","price":"930","price_type":"flat_fee","image":0,"visibility":true},{"label":"4 pilotes","price":"1120","price_type":"flat_fee","image":0,"visibility":true},{"label":"1 passager","price":"25","price_type":"flat_fee","image":0,"visibility":true},{"label":"2 passagers","price":"50","price_type":"flat_fee","image":0,"visibility":true},{"label":"3 passagers","price":"75","price_type":"flat_fee","image":0,"visibility":true},{"label":"4 passagers","price":"100","price_type":"flat_fee","image":0,"visibility":true}]},{"name":"Participants \u00e0 la balade moto","type":"multiple_choice","position":0,"required":true,"title_format":"label","default":"","description_enable":false,"description":"","placeholder_enable":false,"placeholder":"","display":"radiobutton","restrictions_type":"any_text","adjust_price":false,"price":"","price_type":"flat_fee","restrictions":false,"min":"0","max":"0","options":[{"label":"1 pilote","price":"280","price_type":"flat_fee","image":0,"visibility":true},{"label":"2 pilotes","price":"500","price_type":"flat_fee","image":0,"visibility":true},{"label":"3 pilotes","price":"660","price_type":"flat_fee","image":0,"visibility":true},{"label":"4 pilotes","price":"800","price_type":"flat_fee","image":0,"visibility":true},{"label":"1 passager","price":"25","price_type":"flat_fee","image":0,"visibility":true},{"label":"2 passagers","price":"50","price_type":"flat_fee","image":0,"visibility":true},{"label":"3 passagers","price":"75","price_type":"flat_fee","image":0,"visibility":true},{"label":"4 passagers","price":"100","price_type":"flat_fee","image":0,"visibility":true}]}],"yoast_head":"<!-- This site is optimized with the Yoast SEO plugin v27.5 - https:\/\/yoast.com\/product\/yoast-seo-wordpress\/ -->\n<title>Rivera Motorbike Tour &quot;L\u2019arri\u00e8re pays Grassois&quot; | Location Moto NICE<\/title>\n<meta name=\"description\" content=\"Rivera Motorbike Tour &quot;L\u2019arri\u00e8re pays Grassois&quot;\" \/>\n<meta name=\"robots\" content=\"index, follow, max-snippet:-1, max-image-preview:large, max-video-preview:-1\" \/>\n<link rel=\"canonical\" href=\"https:\/\/www.location-moto-nice.com\/en\/location-moto\/balade-mototourisme-cote-dazur-larriere-pays-grassois\/\" \/>\n<meta property=\"og:locale\" content=\"en_US\" \/>\n<meta property=\"og:type\" content=\"article\" \/>\n<meta property=\"og:title\" content=\"Rivera Motorbike Tour &quot;L\u2019arri\u00e8re pays Grassois&quot; | Location Moto NICE\" \/>\n<meta property=\"og:description\" content=\"Rivera Motorbike Tour &quot;L\u2019arri\u00e8re pays Grassois&quot;\" \/>\n<meta property=\"og:url\" content=\"https:\/\/www.location-moto-nice.com\/en\/location-moto\/balade-mototourisme-cote-dazur-larriere-pays-grassois\/\" \/>\n<meta property=\"og:site_name\" content=\"Location Moto NICE\" \/>\n<meta property=\"article:modified_time\" content=\"2019-03-27T10:41:43+00:00\" \/>\n<meta property=\"og:image\" content=\"https:\/\/www.location-moto-nice.com\/wp-content\/uploads\/balade-moto-06.jpg\" \/>\n\t<meta property=\"og:image:width\" content=\"600\" \/>\n\t<meta property=\"og:image:height\" content=\"600\" \/>\n\t<meta property=\"og:image:type\" content=\"image\/jpeg\" \/>\n<meta name=\"twitter:card\" content=\"summary_large_image\" \/>\n<meta name=\"twitter:label1\" content=\"Est. reading time\" \/>\n\t<meta name=\"twitter:data1\" content=\"1 minute\" \/>\n<script type=\"application\/ld+json\" class=\"yoast-schema-graph\">{\"@context\":\"https:\\\/\\\/schema.org\",\"@graph\":[{\"@type\":\"WebPage\",\"@id\":\"https:\\\/\\\/www.location-moto-nice.com\\\/en\\\/location-moto\\\/balade-mototourisme-cote-dazur-larriere-pays-grassois\\\/\",\"url\":\"https:\\\/\\\/www.location-moto-nice.com\\\/en\\\/location-moto\\\/balade-mototourisme-cote-dazur-larriere-pays-grassois\\\/\",\"name\":\"Rivera Motorbike Tour \\\"L\u2019arri\u00e8re pays Grassois\\\" | Location Moto NICE\",\"isPartOf\":{\"@id\":\"https:\\\/\\\/www.location-moto-nice.com\\\/en\\\/#website\"},\"primaryImageOfPage\":{\"@id\":\"https:\\\/\\\/www.location-moto-nice.com\\\/en\\\/location-moto\\\/balade-mototourisme-cote-dazur-larriere-pays-grassois\\\/#primaryimage\"},\"image\":{\"@id\":\"https:\\\/\\\/www.location-moto-nice.com\\\/en\\\/location-moto\\\/balade-mototourisme-cote-dazur-larriere-pays-grassois\\\/#primaryimage\"},\"thumbnailUrl\":\"https:\\\/\\\/www.location-moto-nice.com\\\/wp-content\\\/uploads\\\/balade-moto-06.jpg\",\"datePublished\":\"2019-03-27T10:28:21+00:00\",\"dateModified\":\"2019-03-27T10:41:43+00:00\",\"description\":\"Rivera Motorbike Tour \\\"L\u2019arri\u00e8re pays Grassois\\\"\",\"breadcrumb\":{\"@id\":\"https:\\\/\\\/www.location-moto-nice.com\\\/en\\\/location-moto\\\/balade-mototourisme-cote-dazur-larriere-pays-grassois\\\/#breadcrumb\"},\"inLanguage\":\"en-US\",\"potentialAction\":[{\"@type\":\"ReadAction\",\"target\":[[\"https:\\\/\\\/www.location-moto-nice.com\\\/en\\\/location-moto\\\/balade-mototourisme-cote-dazur-larriere-pays-grassois\\\/\"]]}]},{\"@type\":\"ImageObject\",\"inLanguage\":\"en-US\",\"@id\":\"https:\\\/\\\/www.location-moto-nice.com\\\/en\\\/location-moto\\\/balade-mototourisme-cote-dazur-larriere-pays-grassois\\\/#primaryimage\",\"url\":\"https:\\\/\\\/www.location-moto-nice.com\\\/wp-content\\\/uploads\\\/balade-moto-06.jpg\",\"contentUrl\":\"https:\\\/\\\/www.location-moto-nice.com\\\/wp-content\\\/uploads\\\/balade-moto-06.jpg\",\"width\":600,\"height\":600,\"caption\":\"Balade Moto 06\"},{\"@type\":\"BreadcrumbList\",\"@id\":\"https:\\\/\\\/www.location-moto-nice.com\\\/en\\\/location-moto\\\/balade-mototourisme-cote-dazur-larriere-pays-grassois\\\/#breadcrumb\",\"itemListElement\":[{\"@type\":\"ListItem\",\"position\":1,\"name\":\"Accueil\",\"item\":\"https:\\\/\\\/www.location-moto-nice.com\\\/en\\\/\"},{\"@type\":\"ListItem\",\"position\":2,\"name\":\"Location Moto Nice\",\"item\":\"https:\\\/\\\/www.location-moto-nice.com\\\/en\\\/boutique\\\/\"},{\"@type\":\"ListItem\",\"position\":3,\"name\":\"Rivera Motorbike Tour &#8220;L\u2019arri\u00e8re pays Grassois&#8221;\"}]},{\"@type\":\"WebSite\",\"@id\":\"https:\\\/\\\/www.location-moto-nice.com\\\/en\\\/#website\",\"url\":\"https:\\\/\\\/www.location-moto-nice.com\\\/en\\\/\",\"name\":\"Location Moto NICE\",\"description\":\"06 58 63 63 28 Nice Motorbike Rental\",\"publisher\":{\"@id\":\"https:\\\/\\\/www.location-moto-nice.com\\\/en\\\/#organization\"},\"potentialAction\":[{\"@type\":\"SearchAction\",\"target\":{\"@type\":\"EntryPoint\",\"urlTemplate\":\"https:\\\/\\\/www.location-moto-nice.com\\\/en\\\/?s={search_term_string}\"},\"query-input\":{\"@type\":\"PropertyValueSpecification\",\"valueRequired\":true,\"valueName\":\"search_term_string\"}}],\"inLanguage\":\"en-US\"},{\"@type\":\"Organization\",\"@id\":\"https:\\\/\\\/www.location-moto-nice.com\\\/en\\\/#organization\",\"name\":\"Location Moto Nice\",\"alternateName\":\"AZUR-MOTORENT SAS FB VINTAGE\",\"url\":\"https:\\\/\\\/www.location-moto-nice.com\\\/en\\\/\",\"logo\":{\"@type\":\"ImageObject\",\"inLanguage\":\"en-US\",\"@id\":\"https:\\\/\\\/www.location-moto-nice.com\\\/en\\\/#\\\/schema\\\/logo\\\/image\\\/\",\"url\":\"https:\\\/\\\/www.location-moto-nice.com\\\/wp-content\\\/uploads\\\/2018\\\/12\\\/logo-11-300-transparent.png\",\"contentUrl\":\"https:\\\/\\\/www.location-moto-nice.com\\\/wp-content\\\/uploads\\\/2018\\\/12\\\/logo-11-300-transparent.png\",\"width\":500,\"height\":179,\"caption\":\"Location Moto Nice\"},\"image\":{\"@id\":\"https:\\\/\\\/www.location-moto-nice.com\\\/en\\\/#\\\/schema\\\/logo\\\/image\\\/\"}}]}<\/script>\n<!-- \/ Yoast SEO plugin. -->","yoast_head_json":{"title":"Rivera Motorbike Tour \"L\u2019arri\u00e8re pays Grassois\" | Location Moto NICE","description":"Rivera Motorbike Tour \"L\u2019arri\u00e8re pays Grassois\"","robots":{"index":"index","follow":"follow","max-snippet":"max-snippet:-1","max-image-preview":"max-image-preview:large","max-video-preview":"max-video-preview:-1"},"canonical":"https:\/\/www.location-moto-nice.com\/en\/location-moto\/balade-mototourisme-cote-dazur-larriere-pays-grassois\/","og_locale":"en_US","og_type":"article","og_title":"Rivera Motorbike Tour \"L\u2019arri\u00e8re pays Grassois\" | Location Moto NICE","og_description":"Rivera Motorbike Tour \"L\u2019arri\u00e8re pays Grassois\"","og_url":"https:\/\/www.location-moto-nice.com\/en\/location-moto\/balade-mototourisme-cote-dazur-larriere-pays-grassois\/","og_site_name":"Location Moto NICE","article_modified_time":"2019-03-27T10:41:43+00:00","og_image":[{"width":600,"height":600,"url":"https:\/\/www.location-moto-nice.com\/wp-content\/uploads\/balade-moto-06.jpg","type":"image\/jpeg"}],"twitter_card":"summary_large_image","twitter_misc":{"Est. reading time":"1 minute"},"schema":{"@context":"https:\/\/schema.org","@graph":[{"@type":"WebPage","@id":"https:\/\/www.location-moto-nice.com\/en\/location-moto\/balade-mototourisme-cote-dazur-larriere-pays-grassois\/","url":"https:\/\/www.location-moto-nice.com\/en\/location-moto\/balade-mototourisme-cote-dazur-larriere-pays-grassois\/","name":"Rivera Motorbike Tour \"L\u2019arri\u00e8re pays Grassois\" | Location Moto NICE","isPartOf":{"@id":"https:\/\/www.location-moto-nice.com\/en\/#website"},"primaryImageOfPage":{"@id":"https:\/\/www.location-moto-nice.com\/en\/location-moto\/balade-mototourisme-cote-dazur-larriere-pays-grassois\/#primaryimage"},"image":{"@id":"https:\/\/www.location-moto-nice.com\/en\/location-moto\/balade-mototourisme-cote-dazur-larriere-pays-grassois\/#primaryimage"},"thumbnailUrl":"https:\/\/www.location-moto-nice.com\/wp-content\/uploads\/balade-moto-06.jpg","datePublished":"2019-03-27T10:28:21+00:00","dateModified":"2019-03-27T10:41:43+00:00","description":"Rivera Motorbike Tour \"L\u2019arri\u00e8re pays Grassois\"","breadcrumb":{"@id":"https:\/\/www.location-moto-nice.com\/en\/location-moto\/balade-mototourisme-cote-dazur-larriere-pays-grassois\/#breadcrumb"},"inLanguage":"en-US","potentialAction":[{"@type":"ReadAction","target":[["https:\/\/www.location-moto-nice.com\/en\/location-moto\/balade-mototourisme-cote-dazur-larriere-pays-grassois\/"]]}]},{"@type":"ImageObject","inLanguage":"en-US","@id":"https:\/\/www.location-moto-nice.com\/en\/location-moto\/balade-mototourisme-cote-dazur-larriere-pays-grassois\/#primaryimage","url":"https:\/\/www.location-moto-nice.com\/wp-content\/uploads\/balade-moto-06.jpg","contentUrl":"https:\/\/www.location-moto-nice.com\/wp-content\/uploads\/balade-moto-06.jpg","width":600,"height":600,"caption":"Balade Moto 06"},{"@type":"BreadcrumbList","@id":"https:\/\/www.location-moto-nice.com\/en\/location-moto\/balade-mototourisme-cote-dazur-larriere-pays-grassois\/#breadcrumb","itemListElement":[{"@type":"ListItem","position":1,"name":"Accueil","item":"https:\/\/www.location-moto-nice.com\/en\/"},{"@type":"ListItem","position":2,"name":"Location Moto Nice","item":"https:\/\/www.location-moto-nice.com\/en\/boutique\/"},{"@type":"ListItem","position":3,"name":"Rivera Motorbike Tour &#8220;L\u2019arri\u00e8re pays Grassois&#8221;"}]},{"@type":"WebSite","@id":"https:\/\/www.location-moto-nice.com\/en\/#website","url":"https:\/\/www.location-moto-nice.com\/en\/","name":"Location Moto NICE","description":"06 58 63 63 28 Nice Motorbike Rental","publisher":{"@id":"https:\/\/www.location-moto-nice.com\/en\/#organization"},"potentialAction":[{"@type":"SearchAction","target":{"@type":"EntryPoint","urlTemplate":"https:\/\/www.location-moto-nice.com\/en\/?s={search_term_string}"},"query-input":{"@type":"PropertyValueSpecification","valueRequired":true,"valueName":"search_term_string"}}],"inLanguage":"en-US"},{"@type":"Organization","@id":"https:\/\/www.location-moto-nice.com\/en\/#organization","name":"Location Moto Nice","alternateName":"AZUR-MOTORENT SAS FB VINTAGE","url":"https:\/\/www.location-moto-nice.com\/en\/","logo":{"@type":"ImageObject","inLanguage":"en-US","@id":"https:\/\/www.location-moto-nice.com\/en\/#\/schema\/logo\/image\/","url":"https:\/\/www.location-moto-nice.com\/wp-content\/uploads\/2018\/12\/logo-11-300-transparent.png","contentUrl":"https:\/\/www.location-moto-nice.com\/wp-content\/uploads\/2018\/12\/logo-11-300-transparent.png","width":500,"height":179,"caption":"Location Moto Nice"},"image":{"@id":"https:\/\/www.location-moto-nice.com\/en\/#\/schema\/logo\/image\/"}}]}},"_links":{"self":[{"href":"https:\/\/www.location-moto-nice.com\/en\/wp-json\/wp\/v2\/product\/1332","targetHints":{"allow":["GET"]}}],"collection":[{"href":"https:\/\/www.location-moto-nice.com\/en\/wp-json\/wp\/v2\/product"}],"about":[{"href":"https:\/\/www.location-moto-nice.com\/en\/wp-json\/wp\/v2\/types\/product"}],"wp:featuredmedia":[{"embeddable":true,"href":"https:\/\/www.location-moto-nice.com\/en\/wp-json\/wp\/v2\/media\/1333"}],"wp:attachment":[{"href":"https:\/\/www.location-moto-nice.com\/en\/wp-json\/wp\/v2\/media?parent=1332"}],"wp:term":[{"taxonomy":"product_brand","embeddable":true,"href":"https:\/\/www.location-moto-nice.com\/en\/wp-json\/wp\/v2\/product_brand?post=1332"},{"taxonomy":"product_cat","embeddable":true,"href":"https:\/\/www.location-moto-nice.com\/en\/wp-json\/wp\/v2\/product_cat?post=1332"},{"taxonomy":"product_tag","embeddable":true,"href":"https:\/\/www.location-moto-nice.com\/en\/wp-json\/wp\/v2\/product_tag?post=1332"}],"curies":[{"name":"wp","href":"https:\/\/api.w.org\/{rel}","templated":true}]}}