{"id":18,"date":"2019-01-02T15:47:56","date_gmt":"2019-01-02T14:47:56","guid":{"rendered":"https:\/\/dev.azur-motorent.com\/?page_id=18"},"modified":"2022-02-06T11:44:07","modified_gmt":"2022-02-06T10:44:07","slug":"mentions-legales","status":"publish","type":"page","link":"https:\/\/www.location-moto-nice.com\/en\/mentions-legales\/","title":{"rendered":"Terms and conditions"},"content":{"rendered":"<p><h3>SAS FB VINTAGE TERMS &amp; CONDITIONS<\/h3>\n<p><strong>French Riviera Distinguished Motorbike Rentals<\/strong><\/p>\n<p>Upload <a href=\"https:\/\/www.azur-motorent.com\/cote-azur-location-moto-azur-motorent-location-moto-nice-location-moto-cannes.pdf\">our motorbike Rental Terms and conditions<\/a>  <a href=\"https:\/\/www.azur-motorent.com\/cote-azur-location-moto-azur-motorent-location-moto-nice-location-moto-cannes.pdf\"><img decoding=\"async\" src=\"https:\/\/www.azur-motorent.com\/images\/pdf.png\" \/><\/a><\/p>\n<p>RIVIERA CLASSIC MOTORBIKE RENTAL <strong>Accepted Payment Means : Cr\u00e9dit Card, Bankcheque, Wire. <br \/><img decoding=\"async\" title=\"Cr\u00e9dit Card, Bankcheque, Wire\" src=\"https:\/\/www.azur-motorent.com\/images\/paiement-cb-location-moto.png\" alt=\"Cr\u00e9dit Card, Bankcheque, Wire\" \/><\/strong><\/p>\n<p><strong>Opening Hours: <br \/>Monday-Friday 10.00 &#8211; 18.00<\/strong><br \/>Online pre booking 24\/24 h 7\/7 days. If you are flying into any Nice Airport, we can arrange to have you collected by private car service to get you from your airplane and on to your two wheels.<\/p>\n<h3>French Riviera Classic Motorbike Hire<br \/>Harley Davidson &#8211; Triumph &#8211; BMW &#8211; Ducati &#8211; Royal Enfield<\/h3>\n<p><b>MOTORENT<\/b> is a brand of<br \/><b>SAS FB VINTAGE<\/b> group. <br \/>Main Office<br \/>1077 avenue de Pierrefeu<br \/>06560 VALBONNE<br \/>Tel : 0658636328 <br \/>RCS city : GRASSE <br \/>SIRET : 811 452 655 00012<br \/>APE : 7711A<\/p>\n<p><b>TRIUMPH Moto Valbonne C\u00f4te d&#8217;Azur<\/b> &#8211; The neo retro motorcycles brands we rent are insuring actual and modern safety standards. <b>Valbonne Triumph Bonneville T100 Rental France 06560 &#8211; Triumph Bonneville T100 Rental in South of France &#8211; Ducati Scrambler &#8211; Ducati Scrambler Classic &#8211; BMW R NINE T &#8211; MOTO GUZZI V9 &#8211; Royal Enfield Green Despach &amp; Royal Enfield Chrome.<\/b> Get the Royal Enfield in Valbonne 06560, TRIUMPH Valbonne rental and tour organization on the unique french riviera.<\/p>\n<p>Valbonne Classics Motorbikes Rental, vintage motorbikes specialist from Cannes to Nice, our wharehouse is located in Valbonne &#8211; We use cookies to provide you with the best experience visiting our website.<\/p>\n<p><a href=\"https:\/\/www.azur-motorent.com\/uk\/Cannes-Motorcycle-Rental-Cannes-Classics-Motorcycle-StreetTwin-Rental.html\">Rent your motorbike in Cannes<\/a> &#8211; <a href=\"https:\/\/www.azur-motorent.com\/uk\/Nice-motorcycle-rentals-classics-motorcycles-rental-in-nice06000.html\">Rent your motorbike in Nice <\/a>&#8211; <a href=\"https:\/\/www.azur-motorent.com\/uk\/Antibes-motorcycle-rentals-antibes-classics-motorbikes-rental.html\">Rent your motorbike in Antibes<\/a> &#8211; <a href=\"https:\/\/www.azur-motorent.com\/uk\/scooter-rental-antibes-juanlespins.html\">Rent your scooter in Juan-les-pins<\/a> &#8211; <a href=\"https:\/\/www.azur-motorent.com\/uk\/motorbike-rental-package-cannes.html\">Motorcycle rental Cannes<\/a> &#8211; <a href=\"https:\/\/www.azur-motorent.com\/uk\/rent-motorbike-nice-motoguzzi-nice-motorbike-rentals.html\">Nice Motorcycle rentals<\/a> &#8211; <a href=\"https:\/\/www.azur-motorent.com\/uk\/scooter-rental-cannes-vespa.html\">Cannes scooter rentals<\/a> &#8211; <a href=\"https:\/\/www.azur-motorent.com\/uk\/riviera-motorcycle-tours-riviera-motorcycle-tourism.html\">Riviera Motorcycle Organized Tours<\/a>, a wide range of <a href=\"https:\/\/www.azur-motorent.com\/uk\/motorbike-riviera-tours.html\">french riviera guided motorcycle tours<\/a>.<\/p>\n<p>In order to provide you with any added information we could ask you for individual data. These information are usefull to propose you the best answer. Provinding us with these information, you accept to receive our answer by mail or telephone. None of these data is transmitted to any partner, in any case.<\/p>\n<p>* Images are not contractual.<\/p>\n<p><b>Conform\u00e9ment \u00e0 la loi Informatique et Libert\u00e9s en date du 6 janvier 1978<\/b>, vous disposez par ailleurs d&#8217;un droit d&#8217;acc\u00e8s, de rectification, de modification et de suppression concernant les donn\u00e9es qui vous concernent. Vous pouvez exercer ce droit en nous contactant par courrier \u00e0 l&#8217;adresse : location@azur-motorent.com<\/p>\n<p><b>Conform\u00e9ment \u00e0 la LOI n\u00b0 2004-801 du 6 ao\u00fbt 2004<\/b> relative \u00e0 la protection des personnes physiques \u00e0 l&#8217;\u00e9gard des traitements de donn\u00e9es \u00e0 caract\u00e8re personnel modifiant la loi n\u00b0 78-17 du 6 janvier 1978 , ce site a \u00e9t\u00e9 d\u00e9clar\u00e9 aupr\u00e8s de la CNIL sous le N\u00b0 CNIL 1296597.<\/p>\n<p><b>Hosting: <a title=\"VIXNS.fr\" href=\"https:\/\/www.vixns.com\/\">VIXNS.fr<\/a><\/b> Solutions d&#8217;h\u00e9bergement \u00e0 haute valeur ajout\u00e9e pour les professionnels 15 impasse Figueroa 13008 Marseille SARL au Capital de 15051 \u20ac SIRET : 49985757100032 APE: 6202B VAT : FR61499857571<\/p>\n<p><b>Editeur du site : <a title=\"prestataires-e-commerce.com\" href=\"http:\/\/www.prestataires-e-commerce.com\">www.prestataires-e-commerce.com<\/a><\/b> , 3 route de Valbonne , Grasse 06130 SIRET : 50988986100027 RCS GRASSE APE : 6209Z <b>Web agency Cr\u00e9ation de site Internet et r\u00e9f\u00e9rencement SEO Grasse<\/b> : <a title=\"ecole-ecommerce.com\" href=\"http:\/\/www.ecole-ecommerce.com\/\">www.ecole-ecommerce.com<\/a><\/p>\n<h3>CLASSICS Rental Terms and Conditions from Valbonne to Cannes &amp; Nice<\/h3>\n<h4>CLASSICS RENTAL GENERAL TERMS and CONDITIONS<\/h4>\n<p>Each motorbike rented is insured for public liability, thief and fire with amount of the insurance deductible according to the rented motorbike model.<\/p>\n<h3>MOTORENT SAS<\/h3>\n<p><strong>Stylish old school motorbike rental on the French Riviera.<\/strong><\/p>\n<p>Email: location @ azur-motorent.com<\/p>\n<p><a href=\"mailto:location@azur-motorent.com?subject=Contact from Motorent website\">Book your bike by mail<\/a><\/p>\n<p><strong>Opening Hours: Monday-Saturday 09.00 &#8211; 19.00<\/strong><br \/><em>You wish to be contacted concerning your motobike rental from Cannes to Nice.<\/em> <a href=\"https:\/\/www.azur-motorent.com\/uk\/french-riviera-motorbike-rental-terms-conditions.html#\">Nos tarifs de location moto Antibes, Juan les Pins, Nice, Cannes<\/a>.<\/p>\n<p><strong>Payment : Bank card, cheque, wire. <br \/><img decoding=\"async\" title=\"Payment : Bank card, cheque, wire.\" src=\"https:\/\/www.azur-motorent.com\/images\/paiement-cb-location-moto.png\" alt=\"Payment : Bank card, cheque, wire.\" \/><\/strong><\/p>","protected":false},"excerpt":{"rendered":"<p>SAS FB VINTAGE TERMS &amp; CONDITIONS French Riviera Distinguished Motorbike Rentals Upload our motorbike Rental Terms and conditions RIVIERA CLASSIC MOTORBIKE RENTAL Accepted Payment Means : Cr\u00e9dit Card, Bankcheque, Wire. Opening Hours: Monday-Friday 10.00 &#8211; 18.00Online pre booking 24\/24 h 7\/7 days. If you are flying into any Nice Airport, we can arrange to have &hellip; <\/p>\n<p class=\"link-more\"><a href=\"https:\/\/www.location-moto-nice.com\/en\/mentions-legales\/\" class=\"more-link\">Continue reading<span class=\"screen-reader-text\"> &#8220;Terms and conditions&#8221;<\/span><\/a><\/p>\n","protected":false},"author":1,"featured_media":0,"parent":0,"menu_order":0,"comment_status":"closed","ping_status":"closed","template":"","meta":{"footnotes":""},"class_list":["post-18","page","type-page","status-publish","hentry"],"yoast_head":"<!-- This site is optimized with the Yoast SEO plugin v27.5 - https:\/\/yoast.com\/product\/yoast-seo-wordpress\/ -->\n<title>Terms and conditions | Location Moto NICE<\/title>\n<meta name=\"robots\" content=\"index, follow, max-snippet:-1, max-image-preview:large, max-video-preview:-1\" \/>\n<link rel=\"canonical\" href=\"https:\/\/www.location-moto-nice.com\/en\/mentions-legales\/\" \/>\n<meta property=\"og:locale\" content=\"en_US\" \/>\n<meta property=\"og:type\" content=\"article\" \/>\n<meta property=\"og:title\" content=\"Terms and conditions | Location Moto NICE\" \/>\n<meta property=\"og:description\" content=\"SAS FB VINTAGE TERMS &amp; CONDITIONS French Riviera Distinguished Motorbike Rentals Upload our motorbike Rental Terms and conditions RIVIERA CLASSIC MOTORBIKE RENTAL Accepted Payment Means : Cr\u00e9dit Card, Bankcheque, Wire. Opening Hours: Monday-Friday 10.00 &#8211; 18.00Online pre booking 24\/24 h 7\/7 days. If you are flying into any Nice Airport, we can arrange to have &hellip; Continue reading &quot;Terms and conditions&quot;\" \/>\n<meta property=\"og:url\" content=\"https:\/\/www.location-moto-nice.com\/en\/mentions-legales\/\" \/>\n<meta property=\"og:site_name\" content=\"Location Moto NICE\" \/>\n<meta property=\"article:modified_time\" content=\"2022-02-06T10:44:07+00:00\" \/>\n<meta property=\"og:image\" content=\"https:\/\/www.azur-motorent.com\/images\/pdf.png\" \/>\n<meta name=\"twitter:card\" content=\"summary_large_image\" \/>\n<meta name=\"twitter:label1\" content=\"Est. reading time\" \/>\n\t<meta name=\"twitter:data1\" content=\"4 minutes\" \/>\n<script type=\"application\/ld+json\" class=\"yoast-schema-graph\">{\"@context\":\"https:\\\/\\\/schema.org\",\"@graph\":[{\"@type\":\"WebPage\",\"@id\":\"https:\\\/\\\/www.location-moto-nice.com\\\/en\\\/mentions-legales\\\/\",\"url\":\"https:\\\/\\\/www.location-moto-nice.com\\\/en\\\/mentions-legales\\\/\",\"name\":\"Terms and conditions | Location Moto NICE\",\"isPartOf\":{\"@id\":\"https:\\\/\\\/www.location-moto-nice.com\\\/en\\\/#website\"},\"primaryImageOfPage\":{\"@id\":\"https:\\\/\\\/www.location-moto-nice.com\\\/en\\\/mentions-legales\\\/#primaryimage\"},\"image\":{\"@id\":\"https:\\\/\\\/www.location-moto-nice.com\\\/mentions-legales\\\/#primaryimage\"},\"thumbnailUrl\":\"https:\\\/\\\/www.azur-motorent.com\\\/images\\\/pdf.png\",\"datePublished\":\"2019-01-02T14:47:56+00:00\",\"dateModified\":\"2022-02-06T10:44:07+00:00\",\"breadcrumb\":{\"@id\":\"https:\\\/\\\/www.location-moto-nice.com\\\/en\\\/mentions-legales\\\/#breadcrumb\"},\"inLanguage\":\"en-US\",\"potentialAction\":[{\"@type\":\"ReadAction\",\"target\":[[\"https:\\\/\\\/www.location-moto-nice.com\\\/en\\\/mentions-legales\\\/\"]]}]},{\"@type\":\"ImageObject\",\"inLanguage\":\"en-US\",\"@id\":\"https:\\\/\\\/www.location-moto-nice.com\\\/en\\\/mentions-legales\\\/#primaryimage\",\"url\":\"https:\\\/\\\/www.azur-motorent.com\\\/images\\\/pdf.png\",\"contentUrl\":\"https:\\\/\\\/www.azur-motorent.com\\\/images\\\/pdf.png\"},{\"@type\":\"BreadcrumbList\",\"@id\":\"https:\\\/\\\/www.location-moto-nice.com\\\/en\\\/mentions-legales\\\/#breadcrumb\",\"itemListElement\":[{\"@type\":\"ListItem\",\"position\":1,\"name\":\"Accueil\",\"item\":\"https:\\\/\\\/www.location-moto-nice.com\\\/en\\\/\"},{\"@type\":\"ListItem\",\"position\":2,\"name\":\"Mentions l\u00e9gales\"}]},{\"@type\":\"WebSite\",\"@id\":\"https:\\\/\\\/www.location-moto-nice.com\\\/en\\\/#website\",\"url\":\"https:\\\/\\\/www.location-moto-nice.com\\\/en\\\/\",\"name\":\"Location Moto NICE\",\"description\":\"06 58 63 63 28 Nice Motorbike Rental\",\"publisher\":{\"@id\":\"https:\\\/\\\/www.location-moto-nice.com\\\/en\\\/#organization\"},\"potentialAction\":[{\"@type\":\"SearchAction\",\"target\":{\"@type\":\"EntryPoint\",\"urlTemplate\":\"https:\\\/\\\/www.location-moto-nice.com\\\/en\\\/?s={search_term_string}\"},\"query-input\":{\"@type\":\"PropertyValueSpecification\",\"valueRequired\":true,\"valueName\":\"search_term_string\"}}],\"inLanguage\":\"en-US\"},{\"@type\":\"Organization\",\"@id\":\"https:\\\/\\\/www.location-moto-nice.com\\\/en\\\/#organization\",\"name\":\"Location Moto Nice\",\"alternateName\":\"AZUR-MOTORENT SAS FB VINTAGE\",\"url\":\"https:\\\/\\\/www.location-moto-nice.com\\\/en\\\/\",\"logo\":{\"@type\":\"ImageObject\",\"inLanguage\":\"en-US\",\"@id\":\"https:\\\/\\\/www.location-moto-nice.com\\\/en\\\/#\\\/schema\\\/logo\\\/image\\\/\",\"url\":\"https:\\\/\\\/www.location-moto-nice.com\\\/wp-content\\\/uploads\\\/2018\\\/12\\\/logo-11-300-transparent.png\",\"contentUrl\":\"https:\\\/\\\/www.location-moto-nice.com\\\/wp-content\\\/uploads\\\/2018\\\/12\\\/logo-11-300-transparent.png\",\"width\":500,\"height\":179,\"caption\":\"Location Moto Nice\"},\"image\":{\"@id\":\"https:\\\/\\\/www.location-moto-nice.com\\\/en\\\/#\\\/schema\\\/logo\\\/image\\\/\"}}]}<\/script>\n<!-- \/ Yoast SEO plugin. -->","yoast_head_json":{"title":"Terms and conditions | Location Moto NICE","robots":{"index":"index","follow":"follow","max-snippet":"max-snippet:-1","max-image-preview":"max-image-preview:large","max-video-preview":"max-video-preview:-1"},"canonical":"https:\/\/www.location-moto-nice.com\/en\/mentions-legales\/","og_locale":"en_US","og_type":"article","og_title":"Terms and conditions | Location Moto NICE","og_description":"SAS FB VINTAGE TERMS &amp; CONDITIONS French Riviera Distinguished Motorbike Rentals Upload our motorbike Rental Terms and conditions RIVIERA CLASSIC MOTORBIKE RENTAL Accepted Payment Means : Cr\u00e9dit Card, Bankcheque, Wire. Opening Hours: Monday-Friday 10.00 &#8211; 18.00Online pre booking 24\/24 h 7\/7 days. If you are flying into any Nice Airport, we can arrange to have &hellip; Continue reading \"Terms and conditions\"","og_url":"https:\/\/www.location-moto-nice.com\/en\/mentions-legales\/","og_site_name":"Location Moto NICE","article_modified_time":"2022-02-06T10:44:07+00:00","og_image":[{"url":"https:\/\/www.azur-motorent.com\/images\/pdf.png","type":"","width":"","height":""}],"twitter_card":"summary_large_image","twitter_misc":{"Est. reading time":"4 minutes"},"schema":{"@context":"https:\/\/schema.org","@graph":[{"@type":"WebPage","@id":"https:\/\/www.location-moto-nice.com\/en\/mentions-legales\/","url":"https:\/\/www.location-moto-nice.com\/en\/mentions-legales\/","name":"Terms and conditions | Location Moto NICE","isPartOf":{"@id":"https:\/\/www.location-moto-nice.com\/en\/#website"},"primaryImageOfPage":{"@id":"https:\/\/www.location-moto-nice.com\/en\/mentions-legales\/#primaryimage"},"image":{"@id":"https:\/\/www.location-moto-nice.com\/mentions-legales\/#primaryimage"},"thumbnailUrl":"https:\/\/www.azur-motorent.com\/images\/pdf.png","datePublished":"2019-01-02T14:47:56+00:00","dateModified":"2022-02-06T10:44:07+00:00","breadcrumb":{"@id":"https:\/\/www.location-moto-nice.com\/en\/mentions-legales\/#breadcrumb"},"inLanguage":"en-US","potentialAction":[{"@type":"ReadAction","target":[["https:\/\/www.location-moto-nice.com\/en\/mentions-legales\/"]]}]},{"@type":"ImageObject","inLanguage":"en-US","@id":"https:\/\/www.location-moto-nice.com\/en\/mentions-legales\/#primaryimage","url":"https:\/\/www.azur-motorent.com\/images\/pdf.png","contentUrl":"https:\/\/www.azur-motorent.com\/images\/pdf.png"},{"@type":"BreadcrumbList","@id":"https:\/\/www.location-moto-nice.com\/en\/mentions-legales\/#breadcrumb","itemListElement":[{"@type":"ListItem","position":1,"name":"Accueil","item":"https:\/\/www.location-moto-nice.com\/en\/"},{"@type":"ListItem","position":2,"name":"Mentions l\u00e9gales"}]},{"@type":"WebSite","@id":"https:\/\/www.location-moto-nice.com\/en\/#website","url":"https:\/\/www.location-moto-nice.com\/en\/","name":"Location Moto NICE","description":"06 58 63 63 28 Nice Motorbike Rental","publisher":{"@id":"https:\/\/www.location-moto-nice.com\/en\/#organization"},"potentialAction":[{"@type":"SearchAction","target":{"@type":"EntryPoint","urlTemplate":"https:\/\/www.location-moto-nice.com\/en\/?s={search_term_string}"},"query-input":{"@type":"PropertyValueSpecification","valueRequired":true,"valueName":"search_term_string"}}],"inLanguage":"en-US"},{"@type":"Organization","@id":"https:\/\/www.location-moto-nice.com\/en\/#organization","name":"Location Moto Nice","alternateName":"AZUR-MOTORENT SAS FB VINTAGE","url":"https:\/\/www.location-moto-nice.com\/en\/","logo":{"@type":"ImageObject","inLanguage":"en-US","@id":"https:\/\/www.location-moto-nice.com\/en\/#\/schema\/logo\/image\/","url":"https:\/\/www.location-moto-nice.com\/wp-content\/uploads\/2018\/12\/logo-11-300-transparent.png","contentUrl":"https:\/\/www.location-moto-nice.com\/wp-content\/uploads\/2018\/12\/logo-11-300-transparent.png","width":500,"height":179,"caption":"Location Moto Nice"},"image":{"@id":"https:\/\/www.location-moto-nice.com\/en\/#\/schema\/logo\/image\/"}}]}},"_links":{"self":[{"href":"https:\/\/www.location-moto-nice.com\/en\/wp-json\/wp\/v2\/pages\/18","targetHints":{"allow":["GET"]}}],"collection":[{"href":"https:\/\/www.location-moto-nice.com\/en\/wp-json\/wp\/v2\/pages"}],"about":[{"href":"https:\/\/www.location-moto-nice.com\/en\/wp-json\/wp\/v2\/types\/page"}],"author":[{"embeddable":true,"href":"https:\/\/www.location-moto-nice.com\/en\/wp-json\/wp\/v2\/users\/1"}],"replies":[{"embeddable":true,"href":"https:\/\/www.location-moto-nice.com\/en\/wp-json\/wp\/v2\/comments?post=18"}],"version-history":[{"count":10,"href":"https:\/\/www.location-moto-nice.com\/en\/wp-json\/wp\/v2\/pages\/18\/revisions"}],"predecessor-version":[{"id":3174,"href":"https:\/\/www.location-moto-nice.com\/en\/wp-json\/wp\/v2\/pages\/18\/revisions\/3174"}],"wp:attachment":[{"href":"https:\/\/www.location-moto-nice.com\/en\/wp-json\/wp\/v2\/media?parent=18"}],"curies":[{"name":"wp","href":"https:\/\/api.w.org\/{rel}","templated":true}]}}