{"id":1215,"date":"2019-03-18T10:22:32","date_gmt":"2019-03-18T09:22:32","guid":{"rendered":"https:\/\/www.location-moto-nice.com\/?page_id=1215"},"modified":"2025-11-05T16:18:58","modified_gmt":"2025-11-05T15:18:58","slug":"tarifs-location-moto","status":"publish","type":"page","link":"https:\/\/www.location-moto-nice.com\/en\/tarifs-location-moto\/","title":{"rendered":"Motorbike Rental Fees"},"content":{"rendered":"<div class=\"wp-block-image\">\n<figure class=\"aligncenter size-large\"><a href=\"https:\/\/www.location-moto-nice.com\/location-moto\/bmw-r12-nine-t-2024\/\"><img loading=\"lazy\" decoding=\"async\" width=\"1024\" height=\"1024\" src=\"https:\/\/www.location-moto-nice.com\/wp-content\/uploads\/Nice-specialiste-location-1024x1024.jpg\" alt=\"Nice sp\u00e9cialiste location Moto\" class=\"wp-image-4791\" srcset=\"https:\/\/www.location-moto-nice.com\/wp-content\/uploads\/Nice-specialiste-location-1024x1024.jpg 1024w, https:\/\/www.location-moto-nice.com\/wp-content\/uploads\/Nice-specialiste-location-454x454.jpg 454w, https:\/\/www.location-moto-nice.com\/wp-content\/uploads\/Nice-specialiste-location-150x150.jpg 150w, https:\/\/www.location-moto-nice.com\/wp-content\/uploads\/Nice-specialiste-location-768x768.jpg 768w, https:\/\/www.location-moto-nice.com\/wp-content\/uploads\/Nice-specialiste-location-100x100.jpg 100w, https:\/\/www.location-moto-nice.com\/wp-content\/uploads\/Nice-specialiste-location-250x250.jpg 250w, https:\/\/www.location-moto-nice.com\/wp-content\/uploads\/Nice-specialiste-location-350x350.jpg 350w, https:\/\/www.location-moto-nice.com\/wp-content\/uploads\/Nice-specialiste-location.jpg 1440w\" sizes=\"auto, (max-width: 706px) 89vw, (max-width: 767px) 82vw, 740px\" \/><\/a><\/figure>\n<\/div>\n\n\n<p>Our prices (VAT inc.) are decreasing, when you choose the rental duration on a motorcycle sheet, the calculation is done to show you the price corresponding to the selected duration. The base price indicated is that of one day of rental, the reduction begins from the 3rd day of rental, then from the 5th day of rental of the motorcycle. After 10 days, the system invites you to contact us to define the best price with you. Our prices include unlimited mileage, third party insurance, helmets and gloves. You will be asked for a supplement for jacket, bags, GPS, mobile phone holder. You can collect the motorcycle in the morning at 8 or 9 a.m. and return it the same evening until 7 p.m. or the next morning at 9 a.m. Please indicate the return time when you pick up the motorbike. Have a good trip everyone.<\/p>\n\n\n\n<h2 class=\"wp-block-heading\">Rent a Triumph 660<\/h2>\n\n\n\n<p>1\/2 day 100\u20ac &#8211; 1-2 days 130\u20ac\/J &#8211; 3-5 days 115\u20ac\/J &#8211; 6 days et + 100\u20ac\/day<\/p>\n\n\n\n<h2 class=\"wp-block-heading\">Rent a Triumph Bonneville T120 ACE<\/h2>\n\n\n\n<p>1\/2 day 100\u20ac &#8211; 1-2 days 150\u20ac\/J &#8211; 3-5 days 135\u20ac\/J &#8211; 6 days et + 120\u20ac\/day<\/p>\n\n\n\n<h2 class=\"wp-block-heading\">Rent a Triumph Bonneville T100<\/h2>\n\n\n\n<p>1\/2 day 90\u20ac &#8211; 1-2 days 120\u20ac\/J &#8211; 3-5 days 105\u20ac\/J &#8211; 6 days et + 90\u20ac\/day<\/p>\n\n\n\n<h2 class=\"wp-block-heading\">Rent a Triumph Speed 400<\/h2>\n\n\n\n<p>1\/2 day 80\u20ac &#8211; 1-2 days 99\u20ac\/J &#8211; 3-5 days 85\u20ac\/J &#8211; 6 days et + 70\u20ac\/day<\/p>\n\n\n\n<h2 class=\"wp-block-heading\">Rent a Triumph Speed 900<\/h2>\n\n\n\n<p>1\/2 day 100\u20ac &#8211; 1-2 days 120\u20ac\/J &#8211; 3-5 days 105\u20ac\/J &#8211; 6 days et + 90\u20ac\/day<\/p>\n\n\n\n<h2 class=\"wp-block-heading\">Rent a Ducati Monster 937<\/h2>\n\n\n\n<p>1\/2 day 110\u20ac &#8211; 1-2 days 160\u20ac\/J &#8211; 3-5 days 145\u20ac\/J &#8211; 6 days et + 125\u20ac\/day<\/p>\n\n\n\n<h2 class=\"wp-block-heading\">Rent a BMW R12 nine T (R12 9 T)<\/h2>\n\n\n\n<p>1\/2 day 110\u20ac &#8211; 1-2 days 170\u20ac\/J &#8211; 3-5 days 150\u20ac\/J &#8211; 6 days et + 130\u20ac\/day<\/p>\n\n\n\n<h2 class=\"wp-block-heading\">Rent a Harley-Davidson Forty Eight<\/h2>\n\n\n\n<p>1\/2 day 100\u20ac &#8211; 1-2 days 140\u20ac\/J &#8211; 3-5 days 125\u20ac\/J &#8211; 6 days et + 110\u20ac\/day<\/p>\n\n\n\n<h2 class=\"wp-block-heading\">Rent a Royal-Enfield 650 Twin<\/h2>\n\n\n\n<p>1\/2 day 90\u20ac &#8211; 1-2 days 110\u20ac\/J &#8211; 3-5 days 95\u20ac\/J &#8211; 6 days et + 80\u20ac\/day<\/p>\n\n\n\n<h2 class=\"wp-block-heading\">Rent a BMW R 1300 GS<\/h2>\n\n\n\n<p>1\/2 day 120\u20ac &#8211; 1-2 days 190\u20ac\/J &#8211; 3-5 days 160\u20ac\/J &#8211; 6 days et + 140\u20ac\/day<\/p>\n\n\n\n<h2 class=\"wp-block-heading\">Rent a Triumph Tiger Pro 900<\/h2>\n\n\n\n<p>1\/2 day 110\u20ac &#8211; 1-2 days 160\u20ac\/J &#8211; 3-5 days 145\u20ac\/J &#8211; 6 days et + 125\u20ac\/day<\/p>\n\n\n\n<h2 class=\"wp-block-heading\">Rent a Yamaha 700 T\u00e9n\u00e9r\u00e9<\/h2>\n\n\n\n<p>1\/2 day 100\u20ac &#8211; 1-2 days 130\u20ac\/J &#8211; 3-5 days 115\u20ac\/J &#8211; 6 days et + 100\u20ac\/day<\/p>\n\n\n\n<h3 class=\"wp-block-heading\"><strong>\ud83c\udfcd\ufe0f Motorradvermietung Nizza: Abenteuer an der C\u00f4te d\u2019Azur zu reduzierten Preisen!<\/strong><\/h3>\n\n\n\n<h4 class=\"wp-block-heading\"><strong>\u2728 Exklusives Angebot: -15% vom 1. November bis 31. M\u00e4rz<\/strong><\/h4>\n\n\n\n<p>Nutzen Sie unsere <strong>au\u00dfergew\u00f6hnlichen Preise<\/strong> in der Herbst-Winter-Saison f\u00fcr <strong>alle Modelle<\/strong>! Eine einzigartige Gelegenheit, die C\u00f4te d\u2019Azur mit dem Motorrad zu entdecken \u2013 zu einem unschlagbaren Preis!<\/p>\n\n\n\n<hr class=\"wp-block-separator has-alpha-channel-opacity\"\/>\n\n\n\n<h3 class=\"wp-block-heading\"><strong>\ud83d\udd25 Warum Sie sich f\u00fcr Motorradvermietung Nizza entscheiden sollten?<\/strong><\/h3>\n\n\n\n<h4 class=\"wp-block-heading\"><strong>1\ufe0f\u20e3 Alles inklusive f\u00fcr Ihren Komfort und Ihre Sicherheit<\/strong><\/h4>\n\n\n\n<ul class=\"wp-block-list\">\n<li><strong>Unbegrenzte Kilometerleistung<\/strong>: Fahren Sie ohne Einschr\u00e4nkungen und erkunden Sie die Region in voller Freiheit.<\/li>\n\n\n\n<li><strong>Versicherung inklusive<\/strong>: Reisen Sie sorgenfrei \u2013 wir \u00fcbernehmen den Schutz.<\/li>\n\n\n\n<li><strong>Ausr\u00fcstung inklusive<\/strong>: Helm und Handschuhe f\u00fcr <strong>Fahrer und Beifahrer<\/strong> \u2013 f\u00fcr maximalen Komfort.<\/li>\n<\/ul>\n\n\n\n<h4 class=\"wp-block-heading\"><strong>2\ufe0f\u20e3 Flexibilit\u00e4t und Zug\u00e4nglichkeit<\/strong><\/h4>\n\n\n\n<ul class=\"wp-block-list\">\n<li><strong>Miete ab 20 Jahren<\/strong>: Auch f\u00fcr junge Fahrer zug\u00e4nglich.<\/li>\n\n\n\n<li><strong>7 Tage die Woche ge\u00f6ffnet, auch im Winter<\/strong>: Wir sind das ganze Jahr f\u00fcr Sie da.<\/li>\n\n\n\n<li><strong>Lieferung und Abholung zu Hause<\/strong>: Ihr Motorrad wird dorthin gebracht, wo Sie es w\u00fcnschen.<\/li>\n\n\n\n<li><strong>Flughafentransfer<\/strong>: Ein praktischer Service f\u00fcr Reisende.<\/li>\n\n\n\n<li><strong>Kostenloser Parkplatz vor Ort<\/strong>: Kein Stress mit der Parkplatzsuche.<\/li>\n<\/ul>\n\n\n\n<h4 class=\"wp-block-heading\"><strong>3\ufe0f\u20e3 Optionen, die zu Ihren Bed\u00fcrfnissen passen<\/strong><\/h4>\n\n\n\n<ul class=\"wp-block-list\">\n<li><strong>Wochenendtarif<\/strong>: Von <strong>Freitag 19 Uhr bis Montag 10 Uhr<\/strong> \u2013 genie\u00dfen Sie ein verl\u00e4ngertes Wochenende.<\/li>\n\n\n\n<li><strong>Halbtagesangebote<\/strong>: Ideal f\u00fcr schnelle Ausfl\u00fcge, verf\u00fcgbar von Oktober bis M\u00e4rz.<\/li>\n\n\n\n<li><strong>Gef\u00fchrte Touren<\/strong> (exklusiv auf Reservierung):\n<ul class=\"wp-block-list\">\n<li><strong>2-st\u00fcndige gef\u00fchrte Tour<\/strong> f\u00fcr <strong>80 \u20ac\/Motorrad<\/strong> (mit Soziussitz).<\/li>\n\n\n\n<li><strong>Abfahrt um 10 Uhr oder 15 Uhr<\/strong> \u2013 <strong>2 bis 6 Fahrer maximal<\/strong>.<\/li>\n\n\n\n<li>W\u00e4hlen Sie Ihr Motorrad direkt in unserer Garage aus.<\/li>\n<\/ul>\n<\/li>\n<\/ul>\n\n\n\n<h4 class=\"wp-block-heading\"><strong>4\ufe0f\u20e3 Hochwertige Markenmotorr\u00e4der<\/strong><\/h4>\n\n\n\n<p>Fahren Sie erstklassige Modelle und erleben Sie ein unvergessliches Abenteuer auf den sonnigen Stra\u00dfen der C\u00f4te d\u2019Azur.<\/p>\n\n\n\n<h4 class=\"wp-block-heading\"><strong>5\ufe0f\u20e3 Lieferung in ganz Nizza, das ganze Jahr \u00fcber<\/strong><\/h4>\n\n\n\n<p>Egal, wo Sie sich in Nizza aufhalten \u2013 wir bringen Ihnen Ihr Motorrad, f\u00fcr einen sofortigen Start.<\/p>\n\n\n\n<p> <\/p>","protected":false},"excerpt":{"rendered":"<p>Our prices (VAT inc.) are decreasing, when you choose the rental duration on a motorcycle sheet, the calculation is done to show you the price corresponding to the selected duration. The base price indicated is that of one day of rental, the reduction begins from the 3rd day of rental, then from the 5th day &hellip; <\/p>\n<p class=\"link-more\"><a href=\"https:\/\/www.location-moto-nice.com\/en\/tarifs-location-moto\/\" class=\"more-link\">Continue reading<span class=\"screen-reader-text\"> &#8220;Motorbike Rental Fees&#8221;<\/span><\/a><\/p>\n","protected":false},"author":1,"featured_media":0,"parent":0,"menu_order":0,"comment_status":"closed","ping_status":"closed","template":"","meta":{"footnotes":""},"class_list":["post-1215","page","type-page","status-publish","hentry"],"yoast_head":"<!-- This site is optimized with the Yoast SEO plugin v27.5 - https:\/\/yoast.com\/product\/yoast-seo-wordpress\/ -->\n<title>Tarifs location Moto - Motorcycle rental prices<\/title>\n<meta name=\"description\" content=\"Nos tarifs location moto TTC sont d\u00e9gressifs \u00e0 partir de 3\/5 Jours. Kilom\u00e9trage illimit\u00e9, assurance Tiers, casques et gants. Caution CB 1500\u20ac.\" \/>\n<meta name=\"robots\" content=\"index, follow, max-snippet:-1, max-image-preview:large, max-video-preview:-1\" \/>\n<link rel=\"canonical\" href=\"https:\/\/www.location-moto-nice.com\/en\/tarifs-location-moto\/\" \/>\n<meta property=\"og:locale\" content=\"en_US\" \/>\n<meta property=\"og:type\" content=\"article\" \/>\n<meta property=\"og:title\" content=\"Tarifs location Moto - Motorcycle rental prices\" \/>\n<meta property=\"og:description\" content=\"Nos tarifs location moto TTC sont d\u00e9gressifs \u00e0 partir de 3\/5 Jours. Kilom\u00e9trage illimit\u00e9, assurance Tiers, casques et gants. Caution CB 1500\u20ac.\" \/>\n<meta property=\"og:url\" content=\"https:\/\/www.location-moto-nice.com\/en\/tarifs-location-moto\/\" \/>\n<meta property=\"og:site_name\" content=\"Location Moto NICE\" \/>\n<meta property=\"article:modified_time\" content=\"2025-11-05T15:18:58+00:00\" \/>\n<meta property=\"og:image\" content=\"https:\/\/www.location-moto-nice.com\/wp-content\/uploads\/Nice-specialiste-location.jpg\" \/>\n\t<meta property=\"og:image:width\" content=\"1440\" \/>\n\t<meta property=\"og:image:height\" content=\"1440\" \/>\n\t<meta property=\"og:image:type\" content=\"image\/jpeg\" \/>\n<meta name=\"twitter:card\" content=\"summary_large_image\" \/>\n<meta name=\"twitter:label1\" content=\"Est. reading time\" \/>\n\t<meta name=\"twitter:data1\" content=\"6 minutes\" \/>\n<script type=\"application\/ld+json\" class=\"yoast-schema-graph\">{\"@context\":\"https:\\\/\\\/schema.org\",\"@graph\":[{\"@type\":\"WebPage\",\"@id\":\"https:\\\/\\\/www.location-moto-nice.com\\\/en\\\/tarifs-location-moto\\\/\",\"url\":\"https:\\\/\\\/www.location-moto-nice.com\\\/en\\\/tarifs-location-moto\\\/\",\"name\":\"Tarifs location Moto - Motorcycle rental prices\",\"isPartOf\":{\"@id\":\"https:\\\/\\\/www.location-moto-nice.com\\\/en\\\/#website\"},\"primaryImageOfPage\":{\"@id\":\"https:\\\/\\\/www.location-moto-nice.com\\\/en\\\/tarifs-location-moto\\\/#primaryimage\"},\"image\":{\"@id\":\"https:\\\/\\\/www.location-moto-nice.com\\\/tarifs-location-moto\\\/#primaryimage\"},\"thumbnailUrl\":\"https:\\\/\\\/www.location-moto-nice.com\\\/wp-content\\\/uploads\\\/Nice-specialiste-location-1024x1024.jpg\",\"datePublished\":\"2019-03-18T09:22:32+00:00\",\"dateModified\":\"2025-11-05T15:18:58+00:00\",\"description\":\"Nos tarifs location moto TTC sont d\u00e9gressifs \u00e0 partir de 3\\\/5 Jours. Kilom\u00e9trage illimit\u00e9, assurance Tiers, casques et gants. Caution CB 1500\u20ac.\",\"breadcrumb\":{\"@id\":\"https:\\\/\\\/www.location-moto-nice.com\\\/en\\\/tarifs-location-moto\\\/#breadcrumb\"},\"inLanguage\":\"en-US\",\"potentialAction\":[{\"@type\":\"ReadAction\",\"target\":[[\"https:\\\/\\\/www.location-moto-nice.com\\\/en\\\/tarifs-location-moto\\\/\"]]}]},{\"@type\":\"ImageObject\",\"inLanguage\":\"en-US\",\"@id\":\"https:\\\/\\\/www.location-moto-nice.com\\\/en\\\/tarifs-location-moto\\\/#primaryimage\",\"url\":\"https:\\\/\\\/www.location-moto-nice.com\\\/wp-content\\\/uploads\\\/Nice-specialiste-location-1024x1024.jpg\",\"contentUrl\":\"https:\\\/\\\/www.location-moto-nice.com\\\/wp-content\\\/uploads\\\/Nice-specialiste-location-1024x1024.jpg\"},{\"@type\":\"BreadcrumbList\",\"@id\":\"https:\\\/\\\/www.location-moto-nice.com\\\/en\\\/tarifs-location-moto\\\/#breadcrumb\",\"itemListElement\":[{\"@type\":\"ListItem\",\"position\":1,\"name\":\"Accueil\",\"item\":\"https:\\\/\\\/www.location-moto-nice.com\\\/en\\\/\"},{\"@type\":\"ListItem\",\"position\":2,\"name\":\"Tarifs Location Moto Nice\"}]},{\"@type\":\"WebSite\",\"@id\":\"https:\\\/\\\/www.location-moto-nice.com\\\/en\\\/#website\",\"url\":\"https:\\\/\\\/www.location-moto-nice.com\\\/en\\\/\",\"name\":\"Location Moto NICE\",\"description\":\"06 58 63 63 28 Nice Motorbike Rental\",\"publisher\":{\"@id\":\"https:\\\/\\\/www.location-moto-nice.com\\\/en\\\/#organization\"},\"potentialAction\":[{\"@type\":\"SearchAction\",\"target\":{\"@type\":\"EntryPoint\",\"urlTemplate\":\"https:\\\/\\\/www.location-moto-nice.com\\\/en\\\/?s={search_term_string}\"},\"query-input\":{\"@type\":\"PropertyValueSpecification\",\"valueRequired\":true,\"valueName\":\"search_term_string\"}}],\"inLanguage\":\"en-US\"},{\"@type\":\"Organization\",\"@id\":\"https:\\\/\\\/www.location-moto-nice.com\\\/en\\\/#organization\",\"name\":\"Location Moto Nice\",\"alternateName\":\"AZUR-MOTORENT SAS FB VINTAGE\",\"url\":\"https:\\\/\\\/www.location-moto-nice.com\\\/en\\\/\",\"logo\":{\"@type\":\"ImageObject\",\"inLanguage\":\"en-US\",\"@id\":\"https:\\\/\\\/www.location-moto-nice.com\\\/en\\\/#\\\/schema\\\/logo\\\/image\\\/\",\"url\":\"https:\\\/\\\/www.location-moto-nice.com\\\/wp-content\\\/uploads\\\/2018\\\/12\\\/logo-11-300-transparent.png\",\"contentUrl\":\"https:\\\/\\\/www.location-moto-nice.com\\\/wp-content\\\/uploads\\\/2018\\\/12\\\/logo-11-300-transparent.png\",\"width\":500,\"height\":179,\"caption\":\"Location Moto Nice\"},\"image\":{\"@id\":\"https:\\\/\\\/www.location-moto-nice.com\\\/en\\\/#\\\/schema\\\/logo\\\/image\\\/\"}}]}<\/script>\n<!-- \/ Yoast SEO plugin. -->","yoast_head_json":{"title":"Tarifs location Moto - Motorcycle rental prices","description":"Nos tarifs location moto TTC sont d\u00e9gressifs \u00e0 partir de 3\/5 Jours. Kilom\u00e9trage illimit\u00e9, assurance Tiers, casques et gants. Caution CB 1500\u20ac.","robots":{"index":"index","follow":"follow","max-snippet":"max-snippet:-1","max-image-preview":"max-image-preview:large","max-video-preview":"max-video-preview:-1"},"canonical":"https:\/\/www.location-moto-nice.com\/en\/tarifs-location-moto\/","og_locale":"en_US","og_type":"article","og_title":"Tarifs location Moto - Motorcycle rental prices","og_description":"Nos tarifs location moto TTC sont d\u00e9gressifs \u00e0 partir de 3\/5 Jours. Kilom\u00e9trage illimit\u00e9, assurance Tiers, casques et gants. Caution CB 1500\u20ac.","og_url":"https:\/\/www.location-moto-nice.com\/en\/tarifs-location-moto\/","og_site_name":"Location Moto NICE","article_modified_time":"2025-11-05T15:18:58+00:00","og_image":[{"width":1440,"height":1440,"url":"https:\/\/www.location-moto-nice.com\/wp-content\/uploads\/Nice-specialiste-location.jpg","type":"image\/jpeg"}],"twitter_card":"summary_large_image","twitter_misc":{"Est. reading time":"6 minutes"},"schema":{"@context":"https:\/\/schema.org","@graph":[{"@type":"WebPage","@id":"https:\/\/www.location-moto-nice.com\/en\/tarifs-location-moto\/","url":"https:\/\/www.location-moto-nice.com\/en\/tarifs-location-moto\/","name":"Tarifs location Moto - Motorcycle rental prices","isPartOf":{"@id":"https:\/\/www.location-moto-nice.com\/en\/#website"},"primaryImageOfPage":{"@id":"https:\/\/www.location-moto-nice.com\/en\/tarifs-location-moto\/#primaryimage"},"image":{"@id":"https:\/\/www.location-moto-nice.com\/tarifs-location-moto\/#primaryimage"},"thumbnailUrl":"https:\/\/www.location-moto-nice.com\/wp-content\/uploads\/Nice-specialiste-location-1024x1024.jpg","datePublished":"2019-03-18T09:22:32+00:00","dateModified":"2025-11-05T15:18:58+00:00","description":"Nos tarifs location moto TTC sont d\u00e9gressifs \u00e0 partir de 3\/5 Jours. Kilom\u00e9trage illimit\u00e9, assurance Tiers, casques et gants. Caution CB 1500\u20ac.","breadcrumb":{"@id":"https:\/\/www.location-moto-nice.com\/en\/tarifs-location-moto\/#breadcrumb"},"inLanguage":"en-US","potentialAction":[{"@type":"ReadAction","target":[["https:\/\/www.location-moto-nice.com\/en\/tarifs-location-moto\/"]]}]},{"@type":"ImageObject","inLanguage":"en-US","@id":"https:\/\/www.location-moto-nice.com\/en\/tarifs-location-moto\/#primaryimage","url":"https:\/\/www.location-moto-nice.com\/wp-content\/uploads\/Nice-specialiste-location-1024x1024.jpg","contentUrl":"https:\/\/www.location-moto-nice.com\/wp-content\/uploads\/Nice-specialiste-location-1024x1024.jpg"},{"@type":"BreadcrumbList","@id":"https:\/\/www.location-moto-nice.com\/en\/tarifs-location-moto\/#breadcrumb","itemListElement":[{"@type":"ListItem","position":1,"name":"Accueil","item":"https:\/\/www.location-moto-nice.com\/en\/"},{"@type":"ListItem","position":2,"name":"Tarifs Location Moto Nice"}]},{"@type":"WebSite","@id":"https:\/\/www.location-moto-nice.com\/en\/#website","url":"https:\/\/www.location-moto-nice.com\/en\/","name":"Location Moto NICE","description":"06 58 63 63 28 Nice Motorbike Rental","publisher":{"@id":"https:\/\/www.location-moto-nice.com\/en\/#organization"},"potentialAction":[{"@type":"SearchAction","target":{"@type":"EntryPoint","urlTemplate":"https:\/\/www.location-moto-nice.com\/en\/?s={search_term_string}"},"query-input":{"@type":"PropertyValueSpecification","valueRequired":true,"valueName":"search_term_string"}}],"inLanguage":"en-US"},{"@type":"Organization","@id":"https:\/\/www.location-moto-nice.com\/en\/#organization","name":"Location Moto Nice","alternateName":"AZUR-MOTORENT SAS FB VINTAGE","url":"https:\/\/www.location-moto-nice.com\/en\/","logo":{"@type":"ImageObject","inLanguage":"en-US","@id":"https:\/\/www.location-moto-nice.com\/en\/#\/schema\/logo\/image\/","url":"https:\/\/www.location-moto-nice.com\/wp-content\/uploads\/2018\/12\/logo-11-300-transparent.png","contentUrl":"https:\/\/www.location-moto-nice.com\/wp-content\/uploads\/2018\/12\/logo-11-300-transparent.png","width":500,"height":179,"caption":"Location Moto Nice"},"image":{"@id":"https:\/\/www.location-moto-nice.com\/en\/#\/schema\/logo\/image\/"}}]}},"_links":{"self":[{"href":"https:\/\/www.location-moto-nice.com\/en\/wp-json\/wp\/v2\/pages\/1215","targetHints":{"allow":["GET"]}}],"collection":[{"href":"https:\/\/www.location-moto-nice.com\/en\/wp-json\/wp\/v2\/pages"}],"about":[{"href":"https:\/\/www.location-moto-nice.com\/en\/wp-json\/wp\/v2\/types\/page"}],"author":[{"embeddable":true,"href":"https:\/\/www.location-moto-nice.com\/en\/wp-json\/wp\/v2\/users\/1"}],"replies":[{"embeddable":true,"href":"https:\/\/www.location-moto-nice.com\/en\/wp-json\/wp\/v2\/comments?post=1215"}],"version-history":[{"count":84,"href":"https:\/\/www.location-moto-nice.com\/en\/wp-json\/wp\/v2\/pages\/1215\/revisions"}],"predecessor-version":[{"id":5722,"href":"https:\/\/www.location-moto-nice.com\/en\/wp-json\/wp\/v2\/pages\/1215\/revisions\/5722"}],"wp:attachment":[{"href":"https:\/\/www.location-moto-nice.com\/en\/wp-json\/wp\/v2\/media?parent=1215"}],"curies":[{"name":"wp","href":"https:\/\/api.w.org\/{rel}","templated":true}]}}